{"id":560,"date":"2014-09-25T14:14:23","date_gmt":"2014-09-25T12:14:23","guid":{"rendered":"http:\/\/tcmsbasket.com\/?page_id=560"},"modified":"2018-04-24T10:38:59","modified_gmt":"2018-04-24T08:38:59","slug":"resultats-2","status":"publish","type":"page","link":"https:\/\/tcmsbasket.com\/?page_id=560","title":{"rendered":"R\u00e9sultats"},"content":{"rendered":"<p>Tous les r\u00e9sultats de toutes nos \u00e9quipes <a href=\"http:\/\/resultats.ffbb.com\/organisation\/3017.html\" target=\"_blank\" rel=\"noopener\">ici<\/a><\/p>\n","protected":false},"excerpt":{"rendered":"<p>Tous les r\u00e9sultats de toutes nos \u00e9quipes ici<\/p>\n","protected":false},"author":1,"featured_media":0,"parent":0,"menu_order":0,"comment_status":"open","ping_status":"open","template":"","meta":{"ngg_post_thumbnail":0,"footnotes":""},"class_list":["post-560","page","type-page","status-publish","hentry"],"yoast_head":"<!-- This site is optimized with the Yoast SEO plugin v25.8 - https:\/\/yoast.com\/wordpress\/plugins\/seo\/ -->\n<title>R\u00e9sultats &#060; TCMS BASKET<\/title>\n<meta name=\"robots\" content=\"index, follow, max-snippet:-1, max-image-preview:large, max-video-preview:-1\" \/>\n<link rel=\"canonical\" href=\"https:\/\/tcmsbasket.com\/?page_id=560\" \/>\n<meta property=\"og:locale\" content=\"fr_FR\" \/>\n<meta property=\"og:type\" content=\"article\" \/>\n<meta property=\"og:title\" content=\"R\u00e9sultats &#060; TCMS BASKET\" \/>\n<meta property=\"og:description\" content=\"Tous les r\u00e9sultats de toutes nos \u00e9quipes ici\" \/>\n<meta property=\"og:url\" content=\"https:\/\/tcmsbasket.com\/?page_id=560\" \/>\n<meta property=\"og:site_name\" content=\"TCMS BASKET\" \/>\n<meta property=\"article:publisher\" content=\"https:\/\/www.facebook.com\/tcmsbasket\/\" \/>\n<meta property=\"article:modified_time\" content=\"2018-04-24T08:38:59+00:00\" \/>\n<meta name=\"twitter:card\" content=\"summary_large_image\" \/>\n<script type=\"application\/ld+json\" class=\"yoast-schema-graph\">{\"@context\":\"https:\/\/schema.org\",\"@graph\":[{\"@type\":\"WebPage\",\"@id\":\"https:\/\/tcmsbasket.com\/?page_id=560\",\"url\":\"https:\/\/tcmsbasket.com\/?page_id=560\",\"name\":\"R\u00e9sultats &#060; TCMS BASKET\",\"isPartOf\":{\"@id\":\"https:\/\/tcmsbasket.com\/#website\"},\"datePublished\":\"2014-09-25T12:14:23+00:00\",\"dateModified\":\"2018-04-24T08:38:59+00:00\",\"breadcrumb\":{\"@id\":\"https:\/\/tcmsbasket.com\/?page_id=560#breadcrumb\"},\"inLanguage\":\"fr-FR\",\"potentialAction\":[{\"@type\":\"ReadAction\",\"target\":[\"https:\/\/tcmsbasket.com\/?page_id=560\"]}]},{\"@type\":\"BreadcrumbList\",\"@id\":\"https:\/\/tcmsbasket.com\/?page_id=560#breadcrumb\",\"itemListElement\":[{\"@type\":\"ListItem\",\"position\":1,\"name\":\"Accueil\",\"item\":\"https:\/\/tcmsbasket.com\/\"},{\"@type\":\"ListItem\",\"position\":2,\"name\":\"R\u00e9sultats\"}]},{\"@type\":\"WebSite\",\"@id\":\"https:\/\/tcmsbasket.com\/#website\",\"url\":\"https:\/\/tcmsbasket.com\/\",\"name\":\"tcmsbasket\",\"description\":\"TC&#039;ensembles !\",\"publisher\":{\"@id\":\"https:\/\/tcmsbasket.com\/#organization\"},\"potentialAction\":[{\"@type\":\"SearchAction\",\"target\":{\"@type\":\"EntryPoint\",\"urlTemplate\":\"https:\/\/tcmsbasket.com\/?s={search_term_string}\"},\"query-input\":{\"@type\":\"PropertyValueSpecification\",\"valueRequired\":true,\"valueName\":\"search_term_string\"}}],\"inLanguage\":\"fr-FR\"},{\"@type\":\"Organization\",\"@id\":\"https:\/\/tcmsbasket.com\/#organization\",\"name\":\"TCMSBASKET\",\"url\":\"https:\/\/tcmsbasket.com\/\",\"logo\":{\"@type\":\"ImageObject\",\"inLanguage\":\"fr-FR\",\"@id\":\"https:\/\/tcmsbasket.com\/#\/schema\/logo\/image\/\",\"url\":\"http:\/\/tcmsbasket.com\/wp-content\/uploads\/2016\/08\/logo-TCMS.png\",\"contentUrl\":\"http:\/\/tcmsbasket.com\/wp-content\/uploads\/2016\/08\/logo-TCMS.png\",\"width\":1307,\"height\":570,\"caption\":\"TCMSBASKET\"},\"image\":{\"@id\":\"https:\/\/tcmsbasket.com\/#\/schema\/logo\/image\/\"},\"sameAs\":[\"https:\/\/www.facebook.com\/tcmsbasket\/\"]}]}<\/script>\n<!-- \/ Yoast SEO plugin. -->","yoast_head_json":{"title":"R\u00e9sultats &#060; TCMS BASKET","robots":{"index":"index","follow":"follow","max-snippet":"max-snippet:-1","max-image-preview":"max-image-preview:large","max-video-preview":"max-video-preview:-1"},"canonical":"https:\/\/tcmsbasket.com\/?page_id=560","og_locale":"fr_FR","og_type":"article","og_title":"R\u00e9sultats &#060; TCMS BASKET","og_description":"Tous les r\u00e9sultats de toutes nos \u00e9quipes ici","og_url":"https:\/\/tcmsbasket.com\/?page_id=560","og_site_name":"TCMS BASKET","article_publisher":"https:\/\/www.facebook.com\/tcmsbasket\/","article_modified_time":"2018-04-24T08:38:59+00:00","twitter_card":"summary_large_image","schema":{"@context":"https:\/\/schema.org","@graph":[{"@type":"WebPage","@id":"https:\/\/tcmsbasket.com\/?page_id=560","url":"https:\/\/tcmsbasket.com\/?page_id=560","name":"R\u00e9sultats &#060; TCMS BASKET","isPartOf":{"@id":"https:\/\/tcmsbasket.com\/#website"},"datePublished":"2014-09-25T12:14:23+00:00","dateModified":"2018-04-24T08:38:59+00:00","breadcrumb":{"@id":"https:\/\/tcmsbasket.com\/?page_id=560#breadcrumb"},"inLanguage":"fr-FR","potentialAction":[{"@type":"ReadAction","target":["https:\/\/tcmsbasket.com\/?page_id=560"]}]},{"@type":"BreadcrumbList","@id":"https:\/\/tcmsbasket.com\/?page_id=560#breadcrumb","itemListElement":[{"@type":"ListItem","position":1,"name":"Accueil","item":"https:\/\/tcmsbasket.com\/"},{"@type":"ListItem","position":2,"name":"R\u00e9sultats"}]},{"@type":"WebSite","@id":"https:\/\/tcmsbasket.com\/#website","url":"https:\/\/tcmsbasket.com\/","name":"tcmsbasket","description":"TC&#039;ensembles !","publisher":{"@id":"https:\/\/tcmsbasket.com\/#organization"},"potentialAction":[{"@type":"SearchAction","target":{"@type":"EntryPoint","urlTemplate":"https:\/\/tcmsbasket.com\/?s={search_term_string}"},"query-input":{"@type":"PropertyValueSpecification","valueRequired":true,"valueName":"search_term_string"}}],"inLanguage":"fr-FR"},{"@type":"Organization","@id":"https:\/\/tcmsbasket.com\/#organization","name":"TCMSBASKET","url":"https:\/\/tcmsbasket.com\/","logo":{"@type":"ImageObject","inLanguage":"fr-FR","@id":"https:\/\/tcmsbasket.com\/#\/schema\/logo\/image\/","url":"http:\/\/tcmsbasket.com\/wp-content\/uploads\/2016\/08\/logo-TCMS.png","contentUrl":"http:\/\/tcmsbasket.com\/wp-content\/uploads\/2016\/08\/logo-TCMS.png","width":1307,"height":570,"caption":"TCMSBASKET"},"image":{"@id":"https:\/\/tcmsbasket.com\/#\/schema\/logo\/image\/"},"sameAs":["https:\/\/www.facebook.com\/tcmsbasket\/"]}]}},"_links":{"self":[{"href":"https:\/\/tcmsbasket.com\/index.php?rest_route=\/wp\/v2\/pages\/560","targetHints":{"allow":["GET"]}}],"collection":[{"href":"https:\/\/tcmsbasket.com\/index.php?rest_route=\/wp\/v2\/pages"}],"about":[{"href":"https:\/\/tcmsbasket.com\/index.php?rest_route=\/wp\/v2\/types\/page"}],"author":[{"embeddable":true,"href":"https:\/\/tcmsbasket.com\/index.php?rest_route=\/wp\/v2\/users\/1"}],"replies":[{"embeddable":true,"href":"https:\/\/tcmsbasket.com\/index.php?rest_route=%2Fwp%2Fv2%2Fcomments&post=560"}],"version-history":[{"count":2,"href":"https:\/\/tcmsbasket.com\/index.php?rest_route=\/wp\/v2\/pages\/560\/revisions"}],"predecessor-version":[{"id":2278,"href":"https:\/\/tcmsbasket.com\/index.php?rest_route=\/wp\/v2\/pages\/560\/revisions\/2278"}],"wp:attachment":[{"href":"https:\/\/tcmsbasket.com\/index.php?rest_route=%2Fwp%2Fv2%2Fmedia&parent=560"}],"curies":[{"name":"wp","href":"https:\/\/api.w.org\/{rel}","templated":true}]}}