{"id":48,"date":"2014-09-12T20:11:07","date_gmt":"2014-09-12T18:11:07","guid":{"rendered":"http:\/\/tcmsbasket.com\/?page_id=48"},"modified":"2025-09-22T14:21:33","modified_gmt":"2025-09-22T12:21:33","slug":"club","status":"publish","type":"page","link":"https:\/\/tcmsbasket.com\/","title":{"rendered":"AU TCMS"},"content":{"rendered":"\n<p class=\"has-text-align-center has-vivid-red-color has-text-color has-link-color wp-elements-80f80c226cb5048489fdfdc90a8340fc\" style=\"font-size:29px\"><strong>RESULTATS DU WEEKEND<\/strong><\/p>\n\n\n\n<figure class=\"wp-block-image size-large\"><img loading=\"lazy\" decoding=\"async\" width=\"819\" height=\"1024\" src=\"https:\/\/tcmsbasket.com\/wp-content\/uploads\/2025\/09\/resultat-20-21-09-819x1024.jpg\" alt=\"\" class=\"wp-image-3837\" srcset=\"https:\/\/tcmsbasket.com\/wp-content\/uploads\/2025\/09\/resultat-20-21-09-819x1024.jpg 819w, https:\/\/tcmsbasket.com\/wp-content\/uploads\/2025\/09\/resultat-20-21-09-240x300.jpg 240w, https:\/\/tcmsbasket.com\/wp-content\/uploads\/2025\/09\/resultat-20-21-09-768x960.jpg 768w, https:\/\/tcmsbasket.com\/wp-content\/uploads\/2025\/09\/resultat-20-21-09.jpg 1080w\" sizes=\"auto, (max-width: 819px) 100vw, 819px\" \/><\/figure>\n\n\n\n<p class=\"has-text-align-center has-vivid-red-color has-text-color has-link-color wp-elements-fe143a412acb9735e92463f82b73a3f3\" style=\"font-size:29px\"><br \/><strong>EVEIL BASKET 2025\/2026<\/strong><\/p>\n\n\n\n<figure class=\"wp-block-image size-large\"><img loading=\"lazy\" decoding=\"async\" width=\"821\" height=\"1024\" src=\"http:\/\/tcmsbasket.com\/wp-content\/uploads\/2025\/09\/WhatsApp-Image-2025-09-06-a-15.51.08_6539a8e1-821x1024.jpg\" alt=\"\" class=\"wp-image-3833\" srcset=\"https:\/\/tcmsbasket.com\/wp-content\/uploads\/2025\/09\/WhatsApp-Image-2025-09-06-a-15.51.08_6539a8e1-821x1024.jpg 821w, https:\/\/tcmsbasket.com\/wp-content\/uploads\/2025\/09\/WhatsApp-Image-2025-09-06-a-15.51.08_6539a8e1-241x300.jpg 241w, https:\/\/tcmsbasket.com\/wp-content\/uploads\/2025\/09\/WhatsApp-Image-2025-09-06-a-15.51.08_6539a8e1-768x958.jpg 768w, https:\/\/tcmsbasket.com\/wp-content\/uploads\/2025\/09\/WhatsApp-Image-2025-09-06-a-15.51.08_6539a8e1.jpg 1080w\" sizes=\"auto, (max-width: 821px) 100vw, 821px\" \/><\/figure>\n\n\n\n<h2 class=\"wp-block-heading has-text-align-center has-vivid-red-color has-text-color\"><strong>PLANNING ENTRAINEMENT 2025\/2026<\/strong><\/h2>\n\n\n\n<p class=\"has-text-align-center has-vivid-cyan-blue-color has-text-color has-medium-font-size\">Pour les \u00e9quipes engag\u00e9es en championnat, veuillez vous rapprocher de l&rsquo;entraineur pour obtenir la date de reprise.<\/p>\n\n\n\n<p class=\"has-text-align-center has-vivid-cyan-blue-color has-text-color has-medium-font-size\">Les \u00e9quipes loisirs jeunes reprendront mi-septembre.<\/p>\n\n\n<div class=\"wp-block-image\">\n<figure class=\"aligncenter size-large is-resized\"><img loading=\"lazy\" decoding=\"async\" width=\"715\" height=\"1024\" src=\"https:\/\/tcmsbasket.com\/wp-content\/uploads\/2025\/08\/planning-2025-2026-715x1024.png\" alt=\"\" class=\"wp-image-3826\" style=\"width:862px;height:1247px\" srcset=\"https:\/\/tcmsbasket.com\/wp-content\/uploads\/2025\/08\/planning-2025-2026-715x1024.png 715w, https:\/\/tcmsbasket.com\/wp-content\/uploads\/2025\/08\/planning-2025-2026-209x300.png 209w, https:\/\/tcmsbasket.com\/wp-content\/uploads\/2025\/08\/planning-2025-2026-768x1101.png 768w, https:\/\/tcmsbasket.com\/wp-content\/uploads\/2025\/08\/planning-2025-2026-1072x1536.png 1072w, https:\/\/tcmsbasket.com\/wp-content\/uploads\/2025\/08\/planning-2025-2026-1429x2048.png 1429w, https:\/\/tcmsbasket.com\/wp-content\/uploads\/2025\/08\/planning-2025-2026.png 1656w\" sizes=\"auto, (max-width: 715px) 100vw, 715px\" \/><\/figure><\/div>\n\n\n<p class=\"has-text-align-center has-black-color has-text-color has-medium-font-size\">Bonjour \u00e0 tous,<\/p>\n\n\n\n<h1 class=\"wp-block-heading has-text-align-center has-vivid-red-color has-text-color has-x-large-font-size\"><strong>FINALES 2023<\/strong><\/h1>\n\n\n\n<figure class=\"wp-block-gallery has-nested-images columns-default is-cropped wp-block-gallery-1 is-layout-flex wp-block-gallery-is-layout-flex\">\n<figure class=\"wp-block-image size-large\"><img loading=\"lazy\" decoding=\"async\" width=\"1024\" height=\"1024\" data-id=\"3713\" src=\"http:\/\/tcmsbasket.com\/wp-content\/uploads\/2023\/05\/final-M-2023-1024x1024.png\" alt=\"\" class=\"wp-image-3713\" srcset=\"https:\/\/tcmsbasket.com\/wp-content\/uploads\/2023\/05\/final-M-2023-1024x1024.png 1024w, https:\/\/tcmsbasket.com\/wp-content\/uploads\/2023\/05\/final-M-2023-300x300.png 300w, https:\/\/tcmsbasket.com\/wp-content\/uploads\/2023\/05\/final-M-2023-150x150.png 150w, https:\/\/tcmsbasket.com\/wp-content\/uploads\/2023\/05\/final-M-2023-768x769.png 768w, https:\/\/tcmsbasket.com\/wp-content\/uploads\/2023\/05\/final-M-2023.png 1442w\" sizes=\"auto, (max-width: 1024px) 100vw, 1024px\" \/><\/figure>\n<\/figure>\n\n\n<div class=\"wp-block-image\">\n<figure class=\"aligncenter size-large\"><img loading=\"lazy\" decoding=\"async\" width=\"753\" height=\"1024\" src=\"http:\/\/tcmsbasket.com\/wp-content\/uploads\/2023\/05\/finale-F-2013-753x1024.png\" alt=\"\" class=\"wp-image-3714\" srcset=\"https:\/\/tcmsbasket.com\/wp-content\/uploads\/2023\/05\/finale-F-2013-753x1024.png 753w, https:\/\/tcmsbasket.com\/wp-content\/uploads\/2023\/05\/finale-F-2013-220x300.png 220w, https:\/\/tcmsbasket.com\/wp-content\/uploads\/2023\/05\/finale-F-2013-768x1045.png 768w, https:\/\/tcmsbasket.com\/wp-content\/uploads\/2023\/05\/finale-F-2013.png 1023w\" sizes=\"auto, (max-width: 753px) 100vw, 753px\" \/><\/figure><\/div>\n\n\n<p><\/p>\n\n\n\n<figure class=\"wp-block-gallery has-nested-images columns-default is-cropped wp-block-gallery-2 is-layout-flex wp-block-gallery-is-layout-flex\"><\/figure>\n\n\n\n<h2 class=\"wp-block-heading has-text-align-center\"><mark style=\"background-color:rgba(0, 0, 0, 0)\" class=\"has-inline-color has-vivid-red-color\"><strong>CHARTE PARENTS ET JOUEURS<\/strong><\/mark><\/h2>\n\n\n\n<figure class=\"wp-block-gallery has-nested-images columns-default is-cropped wp-block-gallery-3 is-layout-flex wp-block-gallery-is-layout-flex\">\n<figure class=\"wp-block-image size-large\"><img loading=\"lazy\" decoding=\"async\" width=\"725\" height=\"1024\" data-id=\"3628\" src=\"http:\/\/tcmsbasket.com\/wp-content\/uploads\/2022\/09\/CHARTE-DES-PARENTS-ET-SUPPORTERS-TCMS-725x1024.png\" alt=\"\" class=\"wp-image-3628\" srcset=\"https:\/\/tcmsbasket.com\/wp-content\/uploads\/2022\/09\/CHARTE-DES-PARENTS-ET-SUPPORTERS-TCMS-725x1024.png 725w, https:\/\/tcmsbasket.com\/wp-content\/uploads\/2022\/09\/CHARTE-DES-PARENTS-ET-SUPPORTERS-TCMS-213x300.png 213w, https:\/\/tcmsbasket.com\/wp-content\/uploads\/2022\/09\/CHARTE-DES-PARENTS-ET-SUPPORTERS-TCMS-768x1084.png 768w, https:\/\/tcmsbasket.com\/wp-content\/uploads\/2022\/09\/CHARTE-DES-PARENTS-ET-SUPPORTERS-TCMS-1088x1536.png 1088w, https:\/\/tcmsbasket.com\/wp-content\/uploads\/2022\/09\/CHARTE-DES-PARENTS-ET-SUPPORTERS-TCMS-1451x2048.png 1451w, https:\/\/tcmsbasket.com\/wp-content\/uploads\/2022\/09\/CHARTE-DES-PARENTS-ET-SUPPORTERS-TCMS.png 1754w\" sizes=\"auto, (max-width: 725px) 100vw, 725px\" \/><\/figure>\n<\/figure>\n\n\n\n<figure class=\"wp-block-image size-large\"><img loading=\"lazy\" decoding=\"async\" width=\"712\" height=\"1024\" src=\"http:\/\/tcmsbasket.com\/wp-content\/uploads\/2022\/09\/REGLEMENT-1-712x1024.png\" alt=\"\" class=\"wp-image-3621\" srcset=\"https:\/\/tcmsbasket.com\/wp-content\/uploads\/2022\/09\/REGLEMENT-1-712x1024.png 712w, https:\/\/tcmsbasket.com\/wp-content\/uploads\/2022\/09\/REGLEMENT-1-209x300.png 209w, https:\/\/tcmsbasket.com\/wp-content\/uploads\/2022\/09\/REGLEMENT-1-768x1105.png 768w, https:\/\/tcmsbasket.com\/wp-content\/uploads\/2022\/09\/REGLEMENT-1-1068x1536.png 1068w, https:\/\/tcmsbasket.com\/wp-content\/uploads\/2022\/09\/REGLEMENT-1-1424x2048.png 1424w, https:\/\/tcmsbasket.com\/wp-content\/uploads\/2022\/09\/REGLEMENT-1.png 1808w\" sizes=\"auto, (max-width: 712px) 100vw, 712px\" \/><\/figure>\n\n\n\n<figure class=\"wp-block-image size-large\"><img loading=\"lazy\" decoding=\"async\" width=\"706\" height=\"1024\" src=\"http:\/\/tcmsbasket.com\/wp-content\/uploads\/2022\/09\/REGLEMENT-2-706x1024.png\" alt=\"\" class=\"wp-image-3623\" srcset=\"https:\/\/tcmsbasket.com\/wp-content\/uploads\/2022\/09\/REGLEMENT-2-706x1024.png 706w, https:\/\/tcmsbasket.com\/wp-content\/uploads\/2022\/09\/REGLEMENT-2-207x300.png 207w, https:\/\/tcmsbasket.com\/wp-content\/uploads\/2022\/09\/REGLEMENT-2-768x1113.png 768w, https:\/\/tcmsbasket.com\/wp-content\/uploads\/2022\/09\/REGLEMENT-2-1060x1536.png 1060w, https:\/\/tcmsbasket.com\/wp-content\/uploads\/2022\/09\/REGLEMENT-2-1413x2048.png 1413w, https:\/\/tcmsbasket.com\/wp-content\/uploads\/2022\/09\/REGLEMENT-2.png 1793w\" sizes=\"auto, (max-width: 706px) 100vw, 706px\" \/><\/figure>\n\n\n\n<figure class=\"wp-block-image size-large\"><img loading=\"lazy\" decoding=\"async\" width=\"704\" height=\"1024\" src=\"http:\/\/tcmsbasket.com\/wp-content\/uploads\/2022\/09\/REGLEMENT-3-704x1024.png\" alt=\"\" class=\"wp-image-3624\" srcset=\"https:\/\/tcmsbasket.com\/wp-content\/uploads\/2022\/09\/REGLEMENT-3-704x1024.png 704w, https:\/\/tcmsbasket.com\/wp-content\/uploads\/2022\/09\/REGLEMENT-3-206x300.png 206w, https:\/\/tcmsbasket.com\/wp-content\/uploads\/2022\/09\/REGLEMENT-3-768x1118.png 768w, https:\/\/tcmsbasket.com\/wp-content\/uploads\/2022\/09\/REGLEMENT-3-1055x1536.png 1055w, https:\/\/tcmsbasket.com\/wp-content\/uploads\/2022\/09\/REGLEMENT-3-1407x2048.png 1407w, https:\/\/tcmsbasket.com\/wp-content\/uploads\/2022\/09\/REGLEMENT-3.png 1790w\" sizes=\"auto, (max-width: 704px) 100vw, 704px\" \/><\/figure>\n\n\n\n<p class=\"has-text-align-center has-vivid-red-color has-text-color has-medium-font-size\"><strong>Le TCMS vainqueur de la coupe de la Garonne 2019 !<\/strong><\/p>\n\n\n\n<figure class=\"wp-block-image\"><img loading=\"lazy\" decoding=\"async\" width=\"1024\" height=\"576\" src=\"http:\/\/tcmsbasket.com\/wp-content\/uploads\/2019\/05\/coupe-garonne-2019-1024x576.jpg\" alt=\"\" class=\"wp-image-3214\" srcset=\"https:\/\/tcmsbasket.com\/wp-content\/uploads\/2019\/05\/coupe-garonne-2019-1024x576.jpg 1024w, https:\/\/tcmsbasket.com\/wp-content\/uploads\/2019\/05\/coupe-garonne-2019-300x169.jpg 300w, https:\/\/tcmsbasket.com\/wp-content\/uploads\/2019\/05\/coupe-garonne-2019-768x432.jpg 768w\" sizes=\"auto, (max-width: 1024px) 100vw, 1024px\" \/><\/figure>\n\n\n\n<p><strong> A bient\u00f4t au TCMS !  <\/strong><\/p>\n\n\n\n<p><\/p>\n\n\n\n<p><\/p>\n\n\n\n<p><\/p>\n","protected":false},"excerpt":{"rendered":"<p>RESULTATS DU WEEKEND EVEIL BASKET 2025\/2026 PLANNING ENTRAINEMENT 2025\/2026 Pour les \u00e9quipes engag\u00e9es en championnat, veuillez vous rapprocher de l&rsquo;entraineur pour obtenir la date de reprise. Les \u00e9quipes loisirs jeunes reprendront mi-septembre. Bonjour \u00e0 tous, FINALES 2023 CHARTE PARENTS ET JOUEURS Le TCMS vainqueur de la coupe de la Garonne 2019 ! A bient\u00f4t au [&hellip;]<\/p>\n","protected":false},"author":1,"featured_media":0,"parent":0,"menu_order":0,"comment_status":"open","ping_status":"closed","template":"","meta":{"ngg_post_thumbnail":0,"footnotes":""},"class_list":["post-48","page","type-page","status-publish","hentry"],"yoast_head":"<!-- This site is optimized with the Yoast SEO plugin v25.8 - https:\/\/yoast.com\/wordpress\/plugins\/seo\/ -->\n<title>AU TCMS &#060; TCMS BASKET<\/title>\n<meta name=\"robots\" content=\"index, follow, max-snippet:-1, max-image-preview:large, max-video-preview:-1\" \/>\n<link rel=\"canonical\" href=\"https:\/\/tcmsbasket.com\/\" \/>\n<meta property=\"og:locale\" content=\"fr_FR\" \/>\n<meta property=\"og:type\" content=\"article\" \/>\n<meta property=\"og:title\" content=\"AU TCMS &#060; TCMS BASKET\" \/>\n<meta property=\"og:description\" content=\"RESULTATS DU WEEKEND EVEIL BASKET 2025\/2026 PLANNING ENTRAINEMENT 2025\/2026 Pour les \u00e9quipes engag\u00e9es en championnat, veuillez vous rapprocher de l&rsquo;entraineur pour obtenir la date de reprise. Les \u00e9quipes loisirs jeunes reprendront mi-septembre. Bonjour \u00e0 tous, FINALES 2023 CHARTE PARENTS ET JOUEURS Le TCMS vainqueur de la coupe de la Garonne 2019 ! A bient\u00f4t au [&hellip;]\" \/>\n<meta property=\"og:url\" content=\"https:\/\/tcmsbasket.com\/\" \/>\n<meta property=\"og:site_name\" content=\"TCMS BASKET\" \/>\n<meta property=\"article:publisher\" content=\"https:\/\/www.facebook.com\/tcmsbasket\/\" \/>\n<meta property=\"article:modified_time\" content=\"2025-09-22T12:21:33+00:00\" \/>\n<meta property=\"og:image\" content=\"https:\/\/tcmsbasket.com\/wp-content\/uploads\/2025\/09\/resultat-20-21-09-819x1024.jpg\" \/>\n<meta name=\"twitter:card\" content=\"summary_large_image\" \/>\n<meta name=\"twitter:label1\" content=\"Dur\u00e9e de lecture estim\u00e9e\" \/>\n\t<meta name=\"twitter:data1\" content=\"3 minutes\" \/>\n<script type=\"application\/ld+json\" class=\"yoast-schema-graph\">{\"@context\":\"https:\/\/schema.org\",\"@graph\":[{\"@type\":\"WebPage\",\"@id\":\"https:\/\/tcmsbasket.com\/\",\"url\":\"https:\/\/tcmsbasket.com\/\",\"name\":\"AU TCMS &#060; TCMS BASKET\",\"isPartOf\":{\"@id\":\"https:\/\/tcmsbasket.com\/#website\"},\"primaryImageOfPage\":{\"@id\":\"https:\/\/tcmsbasket.com\/#primaryimage\"},\"image\":{\"@id\":\"https:\/\/tcmsbasket.com\/#primaryimage\"},\"thumbnailUrl\":\"https:\/\/tcmsbasket.com\/wp-content\/uploads\/2025\/09\/resultat-20-21-09-819x1024.jpg\",\"datePublished\":\"2014-09-12T18:11:07+00:00\",\"dateModified\":\"2025-09-22T12:21:33+00:00\",\"breadcrumb\":{\"@id\":\"https:\/\/tcmsbasket.com\/#breadcrumb\"},\"inLanguage\":\"fr-FR\",\"potentialAction\":[{\"@type\":\"ReadAction\",\"target\":[\"https:\/\/tcmsbasket.com\/\"]}]},{\"@type\":\"ImageObject\",\"inLanguage\":\"fr-FR\",\"@id\":\"https:\/\/tcmsbasket.com\/#primaryimage\",\"url\":\"https:\/\/tcmsbasket.com\/wp-content\/uploads\/2025\/09\/resultat-20-21-09.jpg\",\"contentUrl\":\"https:\/\/tcmsbasket.com\/wp-content\/uploads\/2025\/09\/resultat-20-21-09.jpg\",\"width\":1080,\"height\":1350},{\"@type\":\"BreadcrumbList\",\"@id\":\"https:\/\/tcmsbasket.com\/#breadcrumb\",\"itemListElement\":[{\"@type\":\"ListItem\",\"position\":1,\"name\":\"Accueil\",\"item\":\"https:\/\/tcmsbasket.com\/\"},{\"@type\":\"ListItem\",\"position\":2,\"name\":\"AU TCMS\"}]},{\"@type\":\"WebSite\",\"@id\":\"https:\/\/tcmsbasket.com\/#website\",\"url\":\"https:\/\/tcmsbasket.com\/\",\"name\":\"tcmsbasket\",\"description\":\"TC&#039;ensembles !\",\"publisher\":{\"@id\":\"https:\/\/tcmsbasket.com\/#organization\"},\"potentialAction\":[{\"@type\":\"SearchAction\",\"target\":{\"@type\":\"EntryPoint\",\"urlTemplate\":\"https:\/\/tcmsbasket.com\/?s={search_term_string}\"},\"query-input\":{\"@type\":\"PropertyValueSpecification\",\"valueRequired\":true,\"valueName\":\"search_term_string\"}}],\"inLanguage\":\"fr-FR\"},{\"@type\":\"Organization\",\"@id\":\"https:\/\/tcmsbasket.com\/#organization\",\"name\":\"TCMSBASKET\",\"url\":\"https:\/\/tcmsbasket.com\/\",\"logo\":{\"@type\":\"ImageObject\",\"inLanguage\":\"fr-FR\",\"@id\":\"https:\/\/tcmsbasket.com\/#\/schema\/logo\/image\/\",\"url\":\"http:\/\/tcmsbasket.com\/wp-content\/uploads\/2016\/08\/logo-TCMS.png\",\"contentUrl\":\"http:\/\/tcmsbasket.com\/wp-content\/uploads\/2016\/08\/logo-TCMS.png\",\"width\":1307,\"height\":570,\"caption\":\"TCMSBASKET\"},\"image\":{\"@id\":\"https:\/\/tcmsbasket.com\/#\/schema\/logo\/image\/\"},\"sameAs\":[\"https:\/\/www.facebook.com\/tcmsbasket\/\"]}]}<\/script>\n<!-- \/ Yoast SEO plugin. -->","yoast_head_json":{"title":"AU TCMS &#060; TCMS BASKET","robots":{"index":"index","follow":"follow","max-snippet":"max-snippet:-1","max-image-preview":"max-image-preview:large","max-video-preview":"max-video-preview:-1"},"canonical":"https:\/\/tcmsbasket.com\/","og_locale":"fr_FR","og_type":"article","og_title":"AU TCMS &#060; TCMS BASKET","og_description":"RESULTATS DU WEEKEND EVEIL BASKET 2025\/2026 PLANNING ENTRAINEMENT 2025\/2026 Pour les \u00e9quipes engag\u00e9es en championnat, veuillez vous rapprocher de l&rsquo;entraineur pour obtenir la date de reprise. Les \u00e9quipes loisirs jeunes reprendront mi-septembre. Bonjour \u00e0 tous, FINALES 2023 CHARTE PARENTS ET JOUEURS Le TCMS vainqueur de la coupe de la Garonne 2019 ! A bient\u00f4t au [&hellip;]","og_url":"https:\/\/tcmsbasket.com\/","og_site_name":"TCMS BASKET","article_publisher":"https:\/\/www.facebook.com\/tcmsbasket\/","article_modified_time":"2025-09-22T12:21:33+00:00","og_image":[{"url":"https:\/\/tcmsbasket.com\/wp-content\/uploads\/2025\/09\/resultat-20-21-09-819x1024.jpg","type":"","width":"","height":""}],"twitter_card":"summary_large_image","twitter_misc":{"Dur\u00e9e de lecture estim\u00e9e":"3 minutes"},"schema":{"@context":"https:\/\/schema.org","@graph":[{"@type":"WebPage","@id":"https:\/\/tcmsbasket.com\/","url":"https:\/\/tcmsbasket.com\/","name":"AU TCMS &#060; TCMS BASKET","isPartOf":{"@id":"https:\/\/tcmsbasket.com\/#website"},"primaryImageOfPage":{"@id":"https:\/\/tcmsbasket.com\/#primaryimage"},"image":{"@id":"https:\/\/tcmsbasket.com\/#primaryimage"},"thumbnailUrl":"https:\/\/tcmsbasket.com\/wp-content\/uploads\/2025\/09\/resultat-20-21-09-819x1024.jpg","datePublished":"2014-09-12T18:11:07+00:00","dateModified":"2025-09-22T12:21:33+00:00","breadcrumb":{"@id":"https:\/\/tcmsbasket.com\/#breadcrumb"},"inLanguage":"fr-FR","potentialAction":[{"@type":"ReadAction","target":["https:\/\/tcmsbasket.com\/"]}]},{"@type":"ImageObject","inLanguage":"fr-FR","@id":"https:\/\/tcmsbasket.com\/#primaryimage","url":"https:\/\/tcmsbasket.com\/wp-content\/uploads\/2025\/09\/resultat-20-21-09.jpg","contentUrl":"https:\/\/tcmsbasket.com\/wp-content\/uploads\/2025\/09\/resultat-20-21-09.jpg","width":1080,"height":1350},{"@type":"BreadcrumbList","@id":"https:\/\/tcmsbasket.com\/#breadcrumb","itemListElement":[{"@type":"ListItem","position":1,"name":"Accueil","item":"https:\/\/tcmsbasket.com\/"},{"@type":"ListItem","position":2,"name":"AU TCMS"}]},{"@type":"WebSite","@id":"https:\/\/tcmsbasket.com\/#website","url":"https:\/\/tcmsbasket.com\/","name":"tcmsbasket","description":"TC&#039;ensembles !","publisher":{"@id":"https:\/\/tcmsbasket.com\/#organization"},"potentialAction":[{"@type":"SearchAction","target":{"@type":"EntryPoint","urlTemplate":"https:\/\/tcmsbasket.com\/?s={search_term_string}"},"query-input":{"@type":"PropertyValueSpecification","valueRequired":true,"valueName":"search_term_string"}}],"inLanguage":"fr-FR"},{"@type":"Organization","@id":"https:\/\/tcmsbasket.com\/#organization","name":"TCMSBASKET","url":"https:\/\/tcmsbasket.com\/","logo":{"@type":"ImageObject","inLanguage":"fr-FR","@id":"https:\/\/tcmsbasket.com\/#\/schema\/logo\/image\/","url":"http:\/\/tcmsbasket.com\/wp-content\/uploads\/2016\/08\/logo-TCMS.png","contentUrl":"http:\/\/tcmsbasket.com\/wp-content\/uploads\/2016\/08\/logo-TCMS.png","width":1307,"height":570,"caption":"TCMSBASKET"},"image":{"@id":"https:\/\/tcmsbasket.com\/#\/schema\/logo\/image\/"},"sameAs":["https:\/\/www.facebook.com\/tcmsbasket\/"]}]}},"_links":{"self":[{"href":"https:\/\/tcmsbasket.com\/index.php?rest_route=\/wp\/v2\/pages\/48","targetHints":{"allow":["GET"]}}],"collection":[{"href":"https:\/\/tcmsbasket.com\/index.php?rest_route=\/wp\/v2\/pages"}],"about":[{"href":"https:\/\/tcmsbasket.com\/index.php?rest_route=\/wp\/v2\/types\/page"}],"author":[{"embeddable":true,"href":"https:\/\/tcmsbasket.com\/index.php?rest_route=\/wp\/v2\/users\/1"}],"replies":[{"embeddable":true,"href":"https:\/\/tcmsbasket.com\/index.php?rest_route=%2Fwp%2Fv2%2Fcomments&post=48"}],"version-history":[{"count":610,"href":"https:\/\/tcmsbasket.com\/index.php?rest_route=\/wp\/v2\/pages\/48\/revisions"}],"predecessor-version":[{"id":3838,"href":"https:\/\/tcmsbasket.com\/index.php?rest_route=\/wp\/v2\/pages\/48\/revisions\/3838"}],"wp:attachment":[{"href":"https:\/\/tcmsbasket.com\/index.php?rest_route=%2Fwp%2Fv2%2Fmedia&parent=48"}],"curies":[{"name":"wp","href":"https:\/\/api.w.org\/{rel}","templated":true}]}}