{"id":3120,"date":"2019-03-26T17:52:56","date_gmt":"2019-03-26T15:52:56","guid":{"rendered":"http:\/\/tcmsbasket.com\/?page_id=3120"},"modified":"2019-03-26T21:34:12","modified_gmt":"2019-03-26T19:34:12","slug":"arbitrer","status":"publish","type":"page","link":"https:\/\/tcmsbasket.com\/?page_id=3120","title":{"rendered":"ARBITRER"},"content":{"rendered":"<p style=\"text-align: center;\"><span style=\"color: #0000ff;\"><strong>ARBITRER<\/strong><\/span><\/p>\n<p>L&rsquo;arbitrage est une des clefs de vo\u00fbte du bon d\u00e9roulement d&rsquo;un match.<\/p>\n<p>Avec le concours du <span style=\"color: #0000ff;\"><a style=\"color: #0000ff;\" href=\"http:\/\/www.basketcd31.com\/le-cd31\/formations\/#arbitres\">Basket CD31<\/a>,<\/span> le TCMS permet aux licenci\u00e9s qui en font la demande de participer aux sessions de formation des jeunes arbitres. Ces formations club sur un an s&rsquo;adressent \u00e0 tous les jeunes (U13 \u00e0 Seniors). Les s\u00e9ances de formation sont valid\u00e9es par une examen pratique en fin de saison.<\/p>\n<p><strong>VIS 100% BASKET !<\/strong><\/p>\n<p><strong><img loading=\"lazy\" decoding=\"async\" class=\"wp-image-2955 alignleft\" src=\"http:\/\/tcmsbasket.com\/wp-content\/uploads\/2019\/01\/arbitrage-1.jpg\" alt=\"arbitrage 1\" width=\"159\" height=\"194\" srcset=\"https:\/\/tcmsbasket.com\/wp-content\/uploads\/2019\/01\/arbitrage-1.jpg 816w, https:\/\/tcmsbasket.com\/wp-content\/uploads\/2019\/01\/arbitrage-1-246x300.jpg 246w, https:\/\/tcmsbasket.com\/wp-content\/uploads\/2019\/01\/arbitrage-1-768x937.jpg 768w\" sizes=\"auto, (max-width: 159px) 100vw, 159px\" \/><\/strong><\/p>\n<p>&nbsp;<\/p>\n<p style=\"text-align: center;\"><span style=\"color: #0000ff;\"><strong>PARTICIPE ET B\u00c9N\u00c9FICIE<br \/>\n<\/strong><\/span><\/p>\n<p style=\"text-align: center;\"><span style=\"color: #000000;\">d&rsquo;une formation solide et ludique en mati\u00e8re d&rsquo;arbitrage, de connaissances des r\u00e8gles, ce qui renforcera tes qualit\u00e9s de joueur-euse.<\/span><\/p>\n<p>&nbsp;<\/p>\n","protected":false},"excerpt":{"rendered":"<p>ARBITRER L&rsquo;arbitrage est une des clefs de vo\u00fbte du bon d\u00e9roulement d&rsquo;un match. Avec le concours du Basket CD31, le TCMS permet aux licenci\u00e9s qui en font la demande de participer aux sessions de formation des jeunes arbitres. Ces formations club sur un an s&rsquo;adressent \u00e0 tous les jeunes (U13 \u00e0 Seniors). Les s\u00e9ances de [&hellip;]<\/p>\n","protected":false},"author":1,"featured_media":0,"parent":0,"menu_order":0,"comment_status":"closed","ping_status":"closed","template":"","meta":{"ngg_post_thumbnail":0,"footnotes":""},"class_list":["post-3120","page","type-page","status-publish","hentry"],"yoast_head":"<!-- This site is optimized with the Yoast SEO plugin v25.8 - https:\/\/yoast.com\/wordpress\/plugins\/seo\/ -->\n<title>ARBITRER &#060; TCMS BASKET<\/title>\n<meta name=\"robots\" content=\"index, follow, max-snippet:-1, max-image-preview:large, max-video-preview:-1\" \/>\n<link rel=\"canonical\" href=\"https:\/\/tcmsbasket.com\/?page_id=3120\" \/>\n<meta property=\"og:locale\" content=\"fr_FR\" \/>\n<meta property=\"og:type\" content=\"article\" \/>\n<meta property=\"og:title\" content=\"ARBITRER &#060; TCMS BASKET\" \/>\n<meta property=\"og:description\" content=\"ARBITRER L&rsquo;arbitrage est une des clefs de vo\u00fbte du bon d\u00e9roulement d&rsquo;un match. Avec le concours du Basket CD31, le TCMS permet aux licenci\u00e9s qui en font la demande de participer aux sessions de formation des jeunes arbitres. Ces formations club sur un an s&rsquo;adressent \u00e0 tous les jeunes (U13 \u00e0 Seniors). Les s\u00e9ances de [&hellip;]\" \/>\n<meta property=\"og:url\" content=\"https:\/\/tcmsbasket.com\/?page_id=3120\" \/>\n<meta property=\"og:site_name\" content=\"TCMS BASKET\" \/>\n<meta property=\"article:publisher\" content=\"https:\/\/www.facebook.com\/tcmsbasket\/\" \/>\n<meta property=\"article:modified_time\" content=\"2019-03-26T19:34:12+00:00\" \/>\n<meta property=\"og:image\" content=\"http:\/\/tcmsbasket.com\/wp-content\/uploads\/2019\/01\/arbitrage-1.jpg\" \/>\n<meta name=\"twitter:card\" content=\"summary_large_image\" \/>\n<meta name=\"twitter:label1\" content=\"Dur\u00e9e de lecture estim\u00e9e\" \/>\n\t<meta name=\"twitter:data1\" content=\"1 minute\" \/>\n<script type=\"application\/ld+json\" class=\"yoast-schema-graph\">{\"@context\":\"https:\/\/schema.org\",\"@graph\":[{\"@type\":\"WebPage\",\"@id\":\"https:\/\/tcmsbasket.com\/?page_id=3120\",\"url\":\"https:\/\/tcmsbasket.com\/?page_id=3120\",\"name\":\"ARBITRER &#060; TCMS BASKET\",\"isPartOf\":{\"@id\":\"https:\/\/tcmsbasket.com\/#website\"},\"primaryImageOfPage\":{\"@id\":\"https:\/\/tcmsbasket.com\/?page_id=3120#primaryimage\"},\"image\":{\"@id\":\"https:\/\/tcmsbasket.com\/?page_id=3120#primaryimage\"},\"thumbnailUrl\":\"http:\/\/tcmsbasket.com\/wp-content\/uploads\/2019\/01\/arbitrage-1.jpg\",\"datePublished\":\"2019-03-26T15:52:56+00:00\",\"dateModified\":\"2019-03-26T19:34:12+00:00\",\"breadcrumb\":{\"@id\":\"https:\/\/tcmsbasket.com\/?page_id=3120#breadcrumb\"},\"inLanguage\":\"fr-FR\",\"potentialAction\":[{\"@type\":\"ReadAction\",\"target\":[\"https:\/\/tcmsbasket.com\/?page_id=3120\"]}]},{\"@type\":\"ImageObject\",\"inLanguage\":\"fr-FR\",\"@id\":\"https:\/\/tcmsbasket.com\/?page_id=3120#primaryimage\",\"url\":\"https:\/\/tcmsbasket.com\/wp-content\/uploads\/2019\/01\/arbitrage-1.jpg\",\"contentUrl\":\"https:\/\/tcmsbasket.com\/wp-content\/uploads\/2019\/01\/arbitrage-1.jpg\",\"width\":816,\"height\":996,\"caption\":\"arbitrage 1\"},{\"@type\":\"BreadcrumbList\",\"@id\":\"https:\/\/tcmsbasket.com\/?page_id=3120#breadcrumb\",\"itemListElement\":[{\"@type\":\"ListItem\",\"position\":1,\"name\":\"Accueil\",\"item\":\"https:\/\/tcmsbasket.com\/\"},{\"@type\":\"ListItem\",\"position\":2,\"name\":\"ARBITRER\"}]},{\"@type\":\"WebSite\",\"@id\":\"https:\/\/tcmsbasket.com\/#website\",\"url\":\"https:\/\/tcmsbasket.com\/\",\"name\":\"tcmsbasket\",\"description\":\"TC&#039;ensembles !\",\"publisher\":{\"@id\":\"https:\/\/tcmsbasket.com\/#organization\"},\"potentialAction\":[{\"@type\":\"SearchAction\",\"target\":{\"@type\":\"EntryPoint\",\"urlTemplate\":\"https:\/\/tcmsbasket.com\/?s={search_term_string}\"},\"query-input\":{\"@type\":\"PropertyValueSpecification\",\"valueRequired\":true,\"valueName\":\"search_term_string\"}}],\"inLanguage\":\"fr-FR\"},{\"@type\":\"Organization\",\"@id\":\"https:\/\/tcmsbasket.com\/#organization\",\"name\":\"TCMSBASKET\",\"url\":\"https:\/\/tcmsbasket.com\/\",\"logo\":{\"@type\":\"ImageObject\",\"inLanguage\":\"fr-FR\",\"@id\":\"https:\/\/tcmsbasket.com\/#\/schema\/logo\/image\/\",\"url\":\"http:\/\/tcmsbasket.com\/wp-content\/uploads\/2016\/08\/logo-TCMS.png\",\"contentUrl\":\"http:\/\/tcmsbasket.com\/wp-content\/uploads\/2016\/08\/logo-TCMS.png\",\"width\":1307,\"height\":570,\"caption\":\"TCMSBASKET\"},\"image\":{\"@id\":\"https:\/\/tcmsbasket.com\/#\/schema\/logo\/image\/\"},\"sameAs\":[\"https:\/\/www.facebook.com\/tcmsbasket\/\"]}]}<\/script>\n<!-- \/ Yoast SEO plugin. -->","yoast_head_json":{"title":"ARBITRER &#060; TCMS BASKET","robots":{"index":"index","follow":"follow","max-snippet":"max-snippet:-1","max-image-preview":"max-image-preview:large","max-video-preview":"max-video-preview:-1"},"canonical":"https:\/\/tcmsbasket.com\/?page_id=3120","og_locale":"fr_FR","og_type":"article","og_title":"ARBITRER &#060; TCMS BASKET","og_description":"ARBITRER L&rsquo;arbitrage est une des clefs de vo\u00fbte du bon d\u00e9roulement d&rsquo;un match. Avec le concours du Basket CD31, le TCMS permet aux licenci\u00e9s qui en font la demande de participer aux sessions de formation des jeunes arbitres. Ces formations club sur un an s&rsquo;adressent \u00e0 tous les jeunes (U13 \u00e0 Seniors). Les s\u00e9ances de [&hellip;]","og_url":"https:\/\/tcmsbasket.com\/?page_id=3120","og_site_name":"TCMS BASKET","article_publisher":"https:\/\/www.facebook.com\/tcmsbasket\/","article_modified_time":"2019-03-26T19:34:12+00:00","og_image":[{"url":"http:\/\/tcmsbasket.com\/wp-content\/uploads\/2019\/01\/arbitrage-1.jpg","type":"","width":"","height":""}],"twitter_card":"summary_large_image","twitter_misc":{"Dur\u00e9e de lecture estim\u00e9e":"1 minute"},"schema":{"@context":"https:\/\/schema.org","@graph":[{"@type":"WebPage","@id":"https:\/\/tcmsbasket.com\/?page_id=3120","url":"https:\/\/tcmsbasket.com\/?page_id=3120","name":"ARBITRER &#060; TCMS BASKET","isPartOf":{"@id":"https:\/\/tcmsbasket.com\/#website"},"primaryImageOfPage":{"@id":"https:\/\/tcmsbasket.com\/?page_id=3120#primaryimage"},"image":{"@id":"https:\/\/tcmsbasket.com\/?page_id=3120#primaryimage"},"thumbnailUrl":"http:\/\/tcmsbasket.com\/wp-content\/uploads\/2019\/01\/arbitrage-1.jpg","datePublished":"2019-03-26T15:52:56+00:00","dateModified":"2019-03-26T19:34:12+00:00","breadcrumb":{"@id":"https:\/\/tcmsbasket.com\/?page_id=3120#breadcrumb"},"inLanguage":"fr-FR","potentialAction":[{"@type":"ReadAction","target":["https:\/\/tcmsbasket.com\/?page_id=3120"]}]},{"@type":"ImageObject","inLanguage":"fr-FR","@id":"https:\/\/tcmsbasket.com\/?page_id=3120#primaryimage","url":"https:\/\/tcmsbasket.com\/wp-content\/uploads\/2019\/01\/arbitrage-1.jpg","contentUrl":"https:\/\/tcmsbasket.com\/wp-content\/uploads\/2019\/01\/arbitrage-1.jpg","width":816,"height":996,"caption":"arbitrage 1"},{"@type":"BreadcrumbList","@id":"https:\/\/tcmsbasket.com\/?page_id=3120#breadcrumb","itemListElement":[{"@type":"ListItem","position":1,"name":"Accueil","item":"https:\/\/tcmsbasket.com\/"},{"@type":"ListItem","position":2,"name":"ARBITRER"}]},{"@type":"WebSite","@id":"https:\/\/tcmsbasket.com\/#website","url":"https:\/\/tcmsbasket.com\/","name":"tcmsbasket","description":"TC&#039;ensembles !","publisher":{"@id":"https:\/\/tcmsbasket.com\/#organization"},"potentialAction":[{"@type":"SearchAction","target":{"@type":"EntryPoint","urlTemplate":"https:\/\/tcmsbasket.com\/?s={search_term_string}"},"query-input":{"@type":"PropertyValueSpecification","valueRequired":true,"valueName":"search_term_string"}}],"inLanguage":"fr-FR"},{"@type":"Organization","@id":"https:\/\/tcmsbasket.com\/#organization","name":"TCMSBASKET","url":"https:\/\/tcmsbasket.com\/","logo":{"@type":"ImageObject","inLanguage":"fr-FR","@id":"https:\/\/tcmsbasket.com\/#\/schema\/logo\/image\/","url":"http:\/\/tcmsbasket.com\/wp-content\/uploads\/2016\/08\/logo-TCMS.png","contentUrl":"http:\/\/tcmsbasket.com\/wp-content\/uploads\/2016\/08\/logo-TCMS.png","width":1307,"height":570,"caption":"TCMSBASKET"},"image":{"@id":"https:\/\/tcmsbasket.com\/#\/schema\/logo\/image\/"},"sameAs":["https:\/\/www.facebook.com\/tcmsbasket\/"]}]}},"_links":{"self":[{"href":"https:\/\/tcmsbasket.com\/index.php?rest_route=\/wp\/v2\/pages\/3120","targetHints":{"allow":["GET"]}}],"collection":[{"href":"https:\/\/tcmsbasket.com\/index.php?rest_route=\/wp\/v2\/pages"}],"about":[{"href":"https:\/\/tcmsbasket.com\/index.php?rest_route=\/wp\/v2\/types\/page"}],"author":[{"embeddable":true,"href":"https:\/\/tcmsbasket.com\/index.php?rest_route=\/wp\/v2\/users\/1"}],"replies":[{"embeddable":true,"href":"https:\/\/tcmsbasket.com\/index.php?rest_route=%2Fwp%2Fv2%2Fcomments&post=3120"}],"version-history":[{"count":5,"href":"https:\/\/tcmsbasket.com\/index.php?rest_route=\/wp\/v2\/pages\/3120\/revisions"}],"predecessor-version":[{"id":3152,"href":"https:\/\/tcmsbasket.com\/index.php?rest_route=\/wp\/v2\/pages\/3120\/revisions\/3152"}],"wp:attachment":[{"href":"https:\/\/tcmsbasket.com\/index.php?rest_route=%2Fwp%2Fv2%2Fmedia&parent=3120"}],"curies":[{"name":"wp","href":"https:\/\/api.w.org\/{rel}","templated":true}]}}