{"id":3043,"date":"2019-01-30T13:15:59","date_gmt":"2019-01-30T11:15:59","guid":{"rendered":"http:\/\/tcmsbasket.com\/?page_id=3043"},"modified":"2019-02-03T01:06:02","modified_gmt":"2019-02-02T23:06:02","slug":"equipes","status":"publish","type":"page","link":"https:\/\/tcmsbasket.com\/?page_id=3043","title":{"rendered":"\u00c9QUIPES"},"content":{"rendered":"<p><span style=\"color: #ff0000;\"><strong>Le mini-basket, un sport qui fait grandir !<\/strong><\/span><\/p>\n<p>L\u2019\u00e9cole de basket du TCMS, ce sont cinq \u00e9quipes d\u2019enfants licenci\u00e9s encadr\u00e9es&nbsp;par huit entra\u00eeneurs.<br \/>\nL\u2019\u00e9quipe mixte de babys (5-7 ans) et les&nbsp;deux \u00e9quipes mixte de mini\u2011poussins&nbsp;(7-9 ans) \u00e9voluent sur des plateaux.<br \/>\nLes deux \u00e9quipes de poussins et l\u2019\u00e9quipe de poussines&nbsp;(9-11 ans) \u00e9voluent en championnats.<br \/>\nChaque mercredi pr\u00e9c\u00e9dent les vacances scolaires, le&nbsp;TCMS Basket organise une <a href=\"http:\/\/tcmsbasket.com\/wp-admin\/post.php?post=2834&amp;action=edit\"><span style=\"color: #0000ff;\">animation ludique et sportive<\/span><\/a><span style=\"color: #0000ff;\">.<\/span><br \/>\nEt, tout au long de l\u2019ann\u00e9e, nos mini-basketteurs-basketteuses participent aux<span style=\"color: #0000ff;\"> <a style=\"color: #0000ff;\" href=\"http:\/\/tcmsbasket.com\/wp-admin\/post.php?post=2992&amp;action=edit\">manifestations sportives<\/a><\/span> des Comit\u00e9s d\u00e9partemental ou&nbsp;r\u00e9gional de basket.<\/p>\n<p><img loading=\"lazy\" decoding=\"async\" class=\" wp-image-620 alignleft\" src=\"http:\/\/tcmsbasket.com\/wp-content\/uploads\/2014\/10\/05-TCMS-Mini-Poussin-2014-2015.jpg\" alt=\"Plateau U7 \/ 2014-2015\" width=\"1053\" height=\"620\" srcset=\"https:\/\/tcmsbasket.com\/wp-content\/uploads\/2014\/10\/05-TCMS-Mini-Poussin-2014-2015.jpg 1259w, https:\/\/tcmsbasket.com\/wp-content\/uploads\/2014\/10\/05-TCMS-Mini-Poussin-2014-2015-300x176.jpg 300w, https:\/\/tcmsbasket.com\/wp-content\/uploads\/2014\/10\/05-TCMS-Mini-Poussin-2014-2015-1024x602.jpg 1024w\" sizes=\"auto, (max-width: 1053px) 100vw, 1053px\" \/><\/p>\n<p><strong><span style=\"color: #ff0000;\">Nos jeunes ont du talent !<\/span><\/strong><\/p>\n<p>Pass\u00e9es les phases de brassage, les \u00e9quipes jeunes engag\u00e9es \u00e9voluent en championnat tout au long de la saison.<\/p>\n<p><img loading=\"lazy\" decoding=\"async\" class=\"aligncenter size-full wp-image-3075\" src=\"http:\/\/tcmsbasket.com\/wp-content\/uploads\/2019\/02\/U15F_CHAMP_REG_OCC2017.jpg\" alt=\"U15F_CHAMP_REG_OCC2017\" width=\"5312\" height=\"2988\" srcset=\"https:\/\/tcmsbasket.com\/wp-content\/uploads\/2019\/02\/U15F_CHAMP_REG_OCC2017.jpg 5312w, https:\/\/tcmsbasket.com\/wp-content\/uploads\/2019\/02\/U15F_CHAMP_REG_OCC2017-300x169.jpg 300w, https:\/\/tcmsbasket.com\/wp-content\/uploads\/2019\/02\/U15F_CHAMP_REG_OCC2017-768x432.jpg 768w, https:\/\/tcmsbasket.com\/wp-content\/uploads\/2019\/02\/U15F_CHAMP_REG_OCC2017-1024x576.jpg 1024w\" sizes=\"auto, (max-width: 5312px) 100vw, 5312px\" \/><\/p>\n<p><strong><span style=\"color: #0000ff;\">U15F TCMS Basket &#8211; CHAMPIONNES R\u00c9GION OCCITANIE 2017<\/span><\/strong><\/p>\n<p><img loading=\"lazy\" decoding=\"async\" class=\"aligncenter size-full wp-image-3076\" src=\"http:\/\/tcmsbasket.com\/wp-content\/uploads\/2019\/02\/SF2_CHAMP_DEP_2017.jpg\" alt=\"\" width=\"1440\" height=\"810\" srcset=\"https:\/\/tcmsbasket.com\/wp-content\/uploads\/2019\/02\/SF2_CHAMP_DEP_2017.jpg 1440w, https:\/\/tcmsbasket.com\/wp-content\/uploads\/2019\/02\/SF2_CHAMP_DEP_2017-300x169.jpg 300w, https:\/\/tcmsbasket.com\/wp-content\/uploads\/2019\/02\/SF2_CHAMP_DEP_2017-768x432.jpg 768w, https:\/\/tcmsbasket.com\/wp-content\/uploads\/2019\/02\/SF2_CHAMP_DEP_2017-1024x576.jpg 1024w\" sizes=\"auto, (max-width: 1440px) 100vw, 1440px\" \/><\/p>\n<p><strong><span style=\"color: #0000ff;\">SF2 TCMS Basket &#8211; CHAMPIONNES D\u00c9PARTEMENTALES 2017<\/span><\/strong><\/p>\n<p>Pendant les vacances scolaires, des <a href=\"http:\/\/tcmsbasket.com\/?p=2984\"><span style=\"color: #0000ff;\">stages<\/span><\/a> sont organis\u00e9s et en fin de saison les jeunes peuvent participer \u00e0 des tournois.<\/p>\n","protected":false},"excerpt":{"rendered":"<p>Le mini-basket, un sport qui fait grandir ! L\u2019\u00e9cole de basket du TCMS, ce sont cinq \u00e9quipes d\u2019enfants licenci\u00e9s encadr\u00e9es&nbsp;par huit entra\u00eeneurs. L\u2019\u00e9quipe mixte de babys (5-7 ans) et les&nbsp;deux \u00e9quipes mixte de mini\u2011poussins&nbsp;(7-9 ans) \u00e9voluent sur des plateaux. Les deux \u00e9quipes de poussins et l\u2019\u00e9quipe de poussines&nbsp;(9-11 ans) \u00e9voluent en championnats. Chaque mercredi pr\u00e9c\u00e9dent [&hellip;]<\/p>\n","protected":false},"author":1,"featured_media":0,"parent":0,"menu_order":0,"comment_status":"closed","ping_status":"closed","template":"","meta":{"ngg_post_thumbnail":0,"footnotes":""},"class_list":["post-3043","page","type-page","status-publish","hentry"],"yoast_head":"<!-- This site is optimized with the Yoast SEO plugin v25.8 - https:\/\/yoast.com\/wordpress\/plugins\/seo\/ -->\n<title>\u00c9QUIPES &#060; TCMS BASKET<\/title>\n<meta name=\"robots\" content=\"index, follow, max-snippet:-1, max-image-preview:large, max-video-preview:-1\" \/>\n<link rel=\"canonical\" href=\"https:\/\/tcmsbasket.com\/?page_id=3043\" \/>\n<meta property=\"og:locale\" content=\"fr_FR\" \/>\n<meta property=\"og:type\" content=\"article\" \/>\n<meta property=\"og:title\" content=\"\u00c9QUIPES &#060; TCMS BASKET\" \/>\n<meta property=\"og:description\" content=\"Le mini-basket, un sport qui fait grandir ! L\u2019\u00e9cole de basket du TCMS, ce sont cinq \u00e9quipes d\u2019enfants licenci\u00e9s encadr\u00e9es&nbsp;par huit entra\u00eeneurs. L\u2019\u00e9quipe mixte de babys (5-7 ans) et les&nbsp;deux \u00e9quipes mixte de mini\u2011poussins&nbsp;(7-9 ans) \u00e9voluent sur des plateaux. Les deux \u00e9quipes de poussins et l\u2019\u00e9quipe de poussines&nbsp;(9-11 ans) \u00e9voluent en championnats. Chaque mercredi pr\u00e9c\u00e9dent [&hellip;]\" \/>\n<meta property=\"og:url\" content=\"https:\/\/tcmsbasket.com\/?page_id=3043\" \/>\n<meta property=\"og:site_name\" content=\"TCMS BASKET\" \/>\n<meta property=\"article:publisher\" content=\"https:\/\/www.facebook.com\/tcmsbasket\/\" \/>\n<meta property=\"article:modified_time\" content=\"2019-02-02T23:06:02+00:00\" \/>\n<meta property=\"og:image\" content=\"http:\/\/tcmsbasket.com\/wp-content\/uploads\/2014\/10\/05-TCMS-Mini-Poussin-2014-2015.jpg\" \/>\n<meta name=\"twitter:card\" content=\"summary_large_image\" \/>\n<meta name=\"twitter:label1\" content=\"Dur\u00e9e de lecture estim\u00e9e\" \/>\n\t<meta name=\"twitter:data1\" content=\"1 minute\" \/>\n<script type=\"application\/ld+json\" class=\"yoast-schema-graph\">{\"@context\":\"https:\/\/schema.org\",\"@graph\":[{\"@type\":\"WebPage\",\"@id\":\"https:\/\/tcmsbasket.com\/?page_id=3043\",\"url\":\"https:\/\/tcmsbasket.com\/?page_id=3043\",\"name\":\"\u00c9QUIPES &#060; TCMS BASKET\",\"isPartOf\":{\"@id\":\"https:\/\/tcmsbasket.com\/#website\"},\"primaryImageOfPage\":{\"@id\":\"https:\/\/tcmsbasket.com\/?page_id=3043#primaryimage\"},\"image\":{\"@id\":\"https:\/\/tcmsbasket.com\/?page_id=3043#primaryimage\"},\"thumbnailUrl\":\"http:\/\/tcmsbasket.com\/wp-content\/uploads\/2014\/10\/05-TCMS-Mini-Poussin-2014-2015.jpg\",\"datePublished\":\"2019-01-30T11:15:59+00:00\",\"dateModified\":\"2019-02-02T23:06:02+00:00\",\"breadcrumb\":{\"@id\":\"https:\/\/tcmsbasket.com\/?page_id=3043#breadcrumb\"},\"inLanguage\":\"fr-FR\",\"potentialAction\":[{\"@type\":\"ReadAction\",\"target\":[\"https:\/\/tcmsbasket.com\/?page_id=3043\"]}]},{\"@type\":\"ImageObject\",\"inLanguage\":\"fr-FR\",\"@id\":\"https:\/\/tcmsbasket.com\/?page_id=3043#primaryimage\",\"url\":\"https:\/\/tcmsbasket.com\/wp-content\/uploads\/2014\/10\/05-TCMS-Mini-Poussin-2014-2015.jpg\",\"contentUrl\":\"https:\/\/tcmsbasket.com\/wp-content\/uploads\/2014\/10\/05-TCMS-Mini-Poussin-2014-2015.jpg\",\"width\":1259,\"height\":741,\"caption\":\"Plateau U7 \/ 2014-2015\"},{\"@type\":\"BreadcrumbList\",\"@id\":\"https:\/\/tcmsbasket.com\/?page_id=3043#breadcrumb\",\"itemListElement\":[{\"@type\":\"ListItem\",\"position\":1,\"name\":\"Accueil\",\"item\":\"https:\/\/tcmsbasket.com\/\"},{\"@type\":\"ListItem\",\"position\":2,\"name\":\"\u00c9QUIPES\"}]},{\"@type\":\"WebSite\",\"@id\":\"https:\/\/tcmsbasket.com\/#website\",\"url\":\"https:\/\/tcmsbasket.com\/\",\"name\":\"tcmsbasket\",\"description\":\"TC&#039;ensembles !\",\"publisher\":{\"@id\":\"https:\/\/tcmsbasket.com\/#organization\"},\"potentialAction\":[{\"@type\":\"SearchAction\",\"target\":{\"@type\":\"EntryPoint\",\"urlTemplate\":\"https:\/\/tcmsbasket.com\/?s={search_term_string}\"},\"query-input\":{\"@type\":\"PropertyValueSpecification\",\"valueRequired\":true,\"valueName\":\"search_term_string\"}}],\"inLanguage\":\"fr-FR\"},{\"@type\":\"Organization\",\"@id\":\"https:\/\/tcmsbasket.com\/#organization\",\"name\":\"TCMSBASKET\",\"url\":\"https:\/\/tcmsbasket.com\/\",\"logo\":{\"@type\":\"ImageObject\",\"inLanguage\":\"fr-FR\",\"@id\":\"https:\/\/tcmsbasket.com\/#\/schema\/logo\/image\/\",\"url\":\"http:\/\/tcmsbasket.com\/wp-content\/uploads\/2016\/08\/logo-TCMS.png\",\"contentUrl\":\"http:\/\/tcmsbasket.com\/wp-content\/uploads\/2016\/08\/logo-TCMS.png\",\"width\":1307,\"height\":570,\"caption\":\"TCMSBASKET\"},\"image\":{\"@id\":\"https:\/\/tcmsbasket.com\/#\/schema\/logo\/image\/\"},\"sameAs\":[\"https:\/\/www.facebook.com\/tcmsbasket\/\"]}]}<\/script>\n<!-- \/ Yoast SEO plugin. -->","yoast_head_json":{"title":"\u00c9QUIPES &#060; TCMS BASKET","robots":{"index":"index","follow":"follow","max-snippet":"max-snippet:-1","max-image-preview":"max-image-preview:large","max-video-preview":"max-video-preview:-1"},"canonical":"https:\/\/tcmsbasket.com\/?page_id=3043","og_locale":"fr_FR","og_type":"article","og_title":"\u00c9QUIPES &#060; TCMS BASKET","og_description":"Le mini-basket, un sport qui fait grandir ! L\u2019\u00e9cole de basket du TCMS, ce sont cinq \u00e9quipes d\u2019enfants licenci\u00e9s encadr\u00e9es&nbsp;par huit entra\u00eeneurs. L\u2019\u00e9quipe mixte de babys (5-7 ans) et les&nbsp;deux \u00e9quipes mixte de mini\u2011poussins&nbsp;(7-9 ans) \u00e9voluent sur des plateaux. Les deux \u00e9quipes de poussins et l\u2019\u00e9quipe de poussines&nbsp;(9-11 ans) \u00e9voluent en championnats. Chaque mercredi pr\u00e9c\u00e9dent [&hellip;]","og_url":"https:\/\/tcmsbasket.com\/?page_id=3043","og_site_name":"TCMS BASKET","article_publisher":"https:\/\/www.facebook.com\/tcmsbasket\/","article_modified_time":"2019-02-02T23:06:02+00:00","og_image":[{"url":"http:\/\/tcmsbasket.com\/wp-content\/uploads\/2014\/10\/05-TCMS-Mini-Poussin-2014-2015.jpg","type":"","width":"","height":""}],"twitter_card":"summary_large_image","twitter_misc":{"Dur\u00e9e de lecture estim\u00e9e":"1 minute"},"schema":{"@context":"https:\/\/schema.org","@graph":[{"@type":"WebPage","@id":"https:\/\/tcmsbasket.com\/?page_id=3043","url":"https:\/\/tcmsbasket.com\/?page_id=3043","name":"\u00c9QUIPES &#060; TCMS BASKET","isPartOf":{"@id":"https:\/\/tcmsbasket.com\/#website"},"primaryImageOfPage":{"@id":"https:\/\/tcmsbasket.com\/?page_id=3043#primaryimage"},"image":{"@id":"https:\/\/tcmsbasket.com\/?page_id=3043#primaryimage"},"thumbnailUrl":"http:\/\/tcmsbasket.com\/wp-content\/uploads\/2014\/10\/05-TCMS-Mini-Poussin-2014-2015.jpg","datePublished":"2019-01-30T11:15:59+00:00","dateModified":"2019-02-02T23:06:02+00:00","breadcrumb":{"@id":"https:\/\/tcmsbasket.com\/?page_id=3043#breadcrumb"},"inLanguage":"fr-FR","potentialAction":[{"@type":"ReadAction","target":["https:\/\/tcmsbasket.com\/?page_id=3043"]}]},{"@type":"ImageObject","inLanguage":"fr-FR","@id":"https:\/\/tcmsbasket.com\/?page_id=3043#primaryimage","url":"https:\/\/tcmsbasket.com\/wp-content\/uploads\/2014\/10\/05-TCMS-Mini-Poussin-2014-2015.jpg","contentUrl":"https:\/\/tcmsbasket.com\/wp-content\/uploads\/2014\/10\/05-TCMS-Mini-Poussin-2014-2015.jpg","width":1259,"height":741,"caption":"Plateau U7 \/ 2014-2015"},{"@type":"BreadcrumbList","@id":"https:\/\/tcmsbasket.com\/?page_id=3043#breadcrumb","itemListElement":[{"@type":"ListItem","position":1,"name":"Accueil","item":"https:\/\/tcmsbasket.com\/"},{"@type":"ListItem","position":2,"name":"\u00c9QUIPES"}]},{"@type":"WebSite","@id":"https:\/\/tcmsbasket.com\/#website","url":"https:\/\/tcmsbasket.com\/","name":"tcmsbasket","description":"TC&#039;ensembles !","publisher":{"@id":"https:\/\/tcmsbasket.com\/#organization"},"potentialAction":[{"@type":"SearchAction","target":{"@type":"EntryPoint","urlTemplate":"https:\/\/tcmsbasket.com\/?s={search_term_string}"},"query-input":{"@type":"PropertyValueSpecification","valueRequired":true,"valueName":"search_term_string"}}],"inLanguage":"fr-FR"},{"@type":"Organization","@id":"https:\/\/tcmsbasket.com\/#organization","name":"TCMSBASKET","url":"https:\/\/tcmsbasket.com\/","logo":{"@type":"ImageObject","inLanguage":"fr-FR","@id":"https:\/\/tcmsbasket.com\/#\/schema\/logo\/image\/","url":"http:\/\/tcmsbasket.com\/wp-content\/uploads\/2016\/08\/logo-TCMS.png","contentUrl":"http:\/\/tcmsbasket.com\/wp-content\/uploads\/2016\/08\/logo-TCMS.png","width":1307,"height":570,"caption":"TCMSBASKET"},"image":{"@id":"https:\/\/tcmsbasket.com\/#\/schema\/logo\/image\/"},"sameAs":["https:\/\/www.facebook.com\/tcmsbasket\/"]}]}},"_links":{"self":[{"href":"https:\/\/tcmsbasket.com\/index.php?rest_route=\/wp\/v2\/pages\/3043","targetHints":{"allow":["GET"]}}],"collection":[{"href":"https:\/\/tcmsbasket.com\/index.php?rest_route=\/wp\/v2\/pages"}],"about":[{"href":"https:\/\/tcmsbasket.com\/index.php?rest_route=\/wp\/v2\/types\/page"}],"author":[{"embeddable":true,"href":"https:\/\/tcmsbasket.com\/index.php?rest_route=\/wp\/v2\/users\/1"}],"replies":[{"embeddable":true,"href":"https:\/\/tcmsbasket.com\/index.php?rest_route=%2Fwp%2Fv2%2Fcomments&post=3043"}],"version-history":[{"count":13,"href":"https:\/\/tcmsbasket.com\/index.php?rest_route=\/wp\/v2\/pages\/3043\/revisions"}],"predecessor-version":[{"id":3077,"href":"https:\/\/tcmsbasket.com\/index.php?rest_route=\/wp\/v2\/pages\/3043\/revisions\/3077"}],"wp:attachment":[{"href":"https:\/\/tcmsbasket.com\/index.php?rest_route=%2Fwp%2Fv2%2Fmedia&parent=3043"}],"curies":[{"name":"wp","href":"https:\/\/api.w.org\/{rel}","templated":true}]}}