{"id":2886,"date":"2019-01-26T20:21:17","date_gmt":"2019-01-26T18:21:17","guid":{"rendered":"http:\/\/tcmsbasket.com\/?page_id=2886"},"modified":"2019-02-03T01:22:09","modified_gmt":"2019-02-02T23:22:09","slug":"u18","status":"publish","type":"page","link":"https:\/\/tcmsbasket.com\/?page_id=2886","title":{"rendered":"U18"},"content":{"rendered":"<p style=\"text-align: center;\"><strong><span style=\"color: #0000ff;\">\u00c9QUIPE U18 \/ SAISON 2018-19<\/span><\/strong><\/p>\n<p><img loading=\"lazy\" decoding=\"async\" class=\"aligncenter size-full wp-image-2668\" src=\"http:\/\/tcmsbasket.com\/wp-content\/uploads\/2018\/12\/U18F_TCMS_TeamPhoto_001-2018-2019.jpg\" alt=\"Photo \u00c9quipe U18F \/ Saison 2018-2019\" width=\"3000\" height=\"2000\" srcset=\"https:\/\/tcmsbasket.com\/wp-content\/uploads\/2018\/12\/U18F_TCMS_TeamPhoto_001-2018-2019.jpg 3000w, https:\/\/tcmsbasket.com\/wp-content\/uploads\/2018\/12\/U18F_TCMS_TeamPhoto_001-2018-2019-300x200.jpg 300w, https:\/\/tcmsbasket.com\/wp-content\/uploads\/2018\/12\/U18F_TCMS_TeamPhoto_001-2018-2019-768x512.jpg 768w, https:\/\/tcmsbasket.com\/wp-content\/uploads\/2018\/12\/U18F_TCMS_TeamPhoto_001-2018-2019-1024x683.jpg 1024w\" sizes=\"auto, (max-width: 3000px) 100vw, 3000px\" \/><\/p>\n<p><strong>Entra\u00eeneur :<\/strong> David HUYNH QUAN SUU<\/p>\n<p><strong>De gauche \u00e0 droite :<\/strong> Camille FERNANDEZ, Juliette LAGISQUET, Emma AZCONA, M\u00e9lodie SEGOND, Nina LUCHT DACHARD, Louise CAHUZAC, Lola SOUBRE, Carine ESCOFFRES, Emy DILANGU, Jos\u00e9phine PUIG, Isabelle LIGNI\u00c8RES<\/p>\n","protected":false},"excerpt":{"rendered":"<p>\u00c9QUIPE U18 \/ SAISON 2018-19 Entra\u00eeneur : David HUYNH QUAN SUU De gauche \u00e0 droite : Camille FERNANDEZ, Juliette LAGISQUET, Emma AZCONA, M\u00e9lodie SEGOND, Nina LUCHT DACHARD, Louise CAHUZAC, Lola SOUBRE, Carine ESCOFFRES, Emy DILANGU, Jos\u00e9phine PUIG, Isabelle LIGNI\u00c8RES<\/p>\n","protected":false},"author":1,"featured_media":0,"parent":0,"menu_order":0,"comment_status":"closed","ping_status":"closed","template":"","meta":{"ngg_post_thumbnail":0,"footnotes":""},"class_list":["post-2886","page","type-page","status-publish","hentry"],"yoast_head":"<!-- This site is optimized with the Yoast SEO plugin v25.8 - https:\/\/yoast.com\/wordpress\/plugins\/seo\/ -->\n<title>U18 &#060; TCMS BASKET<\/title>\n<meta name=\"robots\" content=\"index, follow, max-snippet:-1, max-image-preview:large, max-video-preview:-1\" \/>\n<link rel=\"canonical\" href=\"https:\/\/tcmsbasket.com\/?page_id=2886\" \/>\n<meta property=\"og:locale\" content=\"fr_FR\" \/>\n<meta property=\"og:type\" content=\"article\" \/>\n<meta property=\"og:title\" content=\"U18 &#060; TCMS BASKET\" \/>\n<meta property=\"og:description\" content=\"\u00c9QUIPE U18 \/ SAISON 2018-19 Entra\u00eeneur : David HUYNH QUAN SUU De gauche \u00e0 droite : Camille FERNANDEZ, Juliette LAGISQUET, Emma AZCONA, M\u00e9lodie SEGOND, Nina LUCHT DACHARD, Louise CAHUZAC, Lola SOUBRE, Carine ESCOFFRES, Emy DILANGU, Jos\u00e9phine PUIG, Isabelle LIGNI\u00c8RES\" \/>\n<meta property=\"og:url\" content=\"https:\/\/tcmsbasket.com\/?page_id=2886\" \/>\n<meta property=\"og:site_name\" content=\"TCMS BASKET\" \/>\n<meta property=\"article:publisher\" content=\"https:\/\/www.facebook.com\/tcmsbasket\/\" \/>\n<meta property=\"article:modified_time\" content=\"2019-02-02T23:22:09+00:00\" \/>\n<meta property=\"og:image\" content=\"http:\/\/tcmsbasket.com\/wp-content\/uploads\/2018\/12\/U18F_TCMS_TeamPhoto_001-2018-2019.jpg\" \/>\n<meta name=\"twitter:card\" content=\"summary_large_image\" \/>\n<script type=\"application\/ld+json\" class=\"yoast-schema-graph\">{\"@context\":\"https:\/\/schema.org\",\"@graph\":[{\"@type\":\"WebPage\",\"@id\":\"https:\/\/tcmsbasket.com\/?page_id=2886\",\"url\":\"https:\/\/tcmsbasket.com\/?page_id=2886\",\"name\":\"U18 &#060; TCMS BASKET\",\"isPartOf\":{\"@id\":\"https:\/\/tcmsbasket.com\/#website\"},\"primaryImageOfPage\":{\"@id\":\"https:\/\/tcmsbasket.com\/?page_id=2886#primaryimage\"},\"image\":{\"@id\":\"https:\/\/tcmsbasket.com\/?page_id=2886#primaryimage\"},\"thumbnailUrl\":\"http:\/\/tcmsbasket.com\/wp-content\/uploads\/2018\/12\/U18F_TCMS_TeamPhoto_001-2018-2019.jpg\",\"datePublished\":\"2019-01-26T18:21:17+00:00\",\"dateModified\":\"2019-02-02T23:22:09+00:00\",\"breadcrumb\":{\"@id\":\"https:\/\/tcmsbasket.com\/?page_id=2886#breadcrumb\"},\"inLanguage\":\"fr-FR\",\"potentialAction\":[{\"@type\":\"ReadAction\",\"target\":[\"https:\/\/tcmsbasket.com\/?page_id=2886\"]}]},{\"@type\":\"ImageObject\",\"inLanguage\":\"fr-FR\",\"@id\":\"https:\/\/tcmsbasket.com\/?page_id=2886#primaryimage\",\"url\":\"https:\/\/tcmsbasket.com\/wp-content\/uploads\/2018\/12\/U18F_TCMS_TeamPhoto_001-2018-2019.jpg\",\"contentUrl\":\"https:\/\/tcmsbasket.com\/wp-content\/uploads\/2018\/12\/U18F_TCMS_TeamPhoto_001-2018-2019.jpg\",\"width\":3000,\"height\":2000,\"caption\":\"Photo \u00c9quipe U18F \/ Saison 2018-2019\"},{\"@type\":\"BreadcrumbList\",\"@id\":\"https:\/\/tcmsbasket.com\/?page_id=2886#breadcrumb\",\"itemListElement\":[{\"@type\":\"ListItem\",\"position\":1,\"name\":\"Accueil\",\"item\":\"https:\/\/tcmsbasket.com\/\"},{\"@type\":\"ListItem\",\"position\":2,\"name\":\"U18\"}]},{\"@type\":\"WebSite\",\"@id\":\"https:\/\/tcmsbasket.com\/#website\",\"url\":\"https:\/\/tcmsbasket.com\/\",\"name\":\"tcmsbasket\",\"description\":\"TC&#039;ensembles !\",\"publisher\":{\"@id\":\"https:\/\/tcmsbasket.com\/#organization\"},\"potentialAction\":[{\"@type\":\"SearchAction\",\"target\":{\"@type\":\"EntryPoint\",\"urlTemplate\":\"https:\/\/tcmsbasket.com\/?s={search_term_string}\"},\"query-input\":{\"@type\":\"PropertyValueSpecification\",\"valueRequired\":true,\"valueName\":\"search_term_string\"}}],\"inLanguage\":\"fr-FR\"},{\"@type\":\"Organization\",\"@id\":\"https:\/\/tcmsbasket.com\/#organization\",\"name\":\"TCMSBASKET\",\"url\":\"https:\/\/tcmsbasket.com\/\",\"logo\":{\"@type\":\"ImageObject\",\"inLanguage\":\"fr-FR\",\"@id\":\"https:\/\/tcmsbasket.com\/#\/schema\/logo\/image\/\",\"url\":\"http:\/\/tcmsbasket.com\/wp-content\/uploads\/2016\/08\/logo-TCMS.png\",\"contentUrl\":\"http:\/\/tcmsbasket.com\/wp-content\/uploads\/2016\/08\/logo-TCMS.png\",\"width\":1307,\"height\":570,\"caption\":\"TCMSBASKET\"},\"image\":{\"@id\":\"https:\/\/tcmsbasket.com\/#\/schema\/logo\/image\/\"},\"sameAs\":[\"https:\/\/www.facebook.com\/tcmsbasket\/\"]}]}<\/script>\n<!-- \/ Yoast SEO plugin. -->","yoast_head_json":{"title":"U18 &#060; TCMS BASKET","robots":{"index":"index","follow":"follow","max-snippet":"max-snippet:-1","max-image-preview":"max-image-preview:large","max-video-preview":"max-video-preview:-1"},"canonical":"https:\/\/tcmsbasket.com\/?page_id=2886","og_locale":"fr_FR","og_type":"article","og_title":"U18 &#060; TCMS BASKET","og_description":"\u00c9QUIPE U18 \/ SAISON 2018-19 Entra\u00eeneur : David HUYNH QUAN SUU De gauche \u00e0 droite : Camille FERNANDEZ, Juliette LAGISQUET, Emma AZCONA, M\u00e9lodie SEGOND, Nina LUCHT DACHARD, Louise CAHUZAC, Lola SOUBRE, Carine ESCOFFRES, Emy DILANGU, Jos\u00e9phine PUIG, Isabelle LIGNI\u00c8RES","og_url":"https:\/\/tcmsbasket.com\/?page_id=2886","og_site_name":"TCMS BASKET","article_publisher":"https:\/\/www.facebook.com\/tcmsbasket\/","article_modified_time":"2019-02-02T23:22:09+00:00","og_image":[{"url":"http:\/\/tcmsbasket.com\/wp-content\/uploads\/2018\/12\/U18F_TCMS_TeamPhoto_001-2018-2019.jpg","type":"","width":"","height":""}],"twitter_card":"summary_large_image","schema":{"@context":"https:\/\/schema.org","@graph":[{"@type":"WebPage","@id":"https:\/\/tcmsbasket.com\/?page_id=2886","url":"https:\/\/tcmsbasket.com\/?page_id=2886","name":"U18 &#060; TCMS BASKET","isPartOf":{"@id":"https:\/\/tcmsbasket.com\/#website"},"primaryImageOfPage":{"@id":"https:\/\/tcmsbasket.com\/?page_id=2886#primaryimage"},"image":{"@id":"https:\/\/tcmsbasket.com\/?page_id=2886#primaryimage"},"thumbnailUrl":"http:\/\/tcmsbasket.com\/wp-content\/uploads\/2018\/12\/U18F_TCMS_TeamPhoto_001-2018-2019.jpg","datePublished":"2019-01-26T18:21:17+00:00","dateModified":"2019-02-02T23:22:09+00:00","breadcrumb":{"@id":"https:\/\/tcmsbasket.com\/?page_id=2886#breadcrumb"},"inLanguage":"fr-FR","potentialAction":[{"@type":"ReadAction","target":["https:\/\/tcmsbasket.com\/?page_id=2886"]}]},{"@type":"ImageObject","inLanguage":"fr-FR","@id":"https:\/\/tcmsbasket.com\/?page_id=2886#primaryimage","url":"https:\/\/tcmsbasket.com\/wp-content\/uploads\/2018\/12\/U18F_TCMS_TeamPhoto_001-2018-2019.jpg","contentUrl":"https:\/\/tcmsbasket.com\/wp-content\/uploads\/2018\/12\/U18F_TCMS_TeamPhoto_001-2018-2019.jpg","width":3000,"height":2000,"caption":"Photo \u00c9quipe U18F \/ Saison 2018-2019"},{"@type":"BreadcrumbList","@id":"https:\/\/tcmsbasket.com\/?page_id=2886#breadcrumb","itemListElement":[{"@type":"ListItem","position":1,"name":"Accueil","item":"https:\/\/tcmsbasket.com\/"},{"@type":"ListItem","position":2,"name":"U18"}]},{"@type":"WebSite","@id":"https:\/\/tcmsbasket.com\/#website","url":"https:\/\/tcmsbasket.com\/","name":"tcmsbasket","description":"TC&#039;ensembles !","publisher":{"@id":"https:\/\/tcmsbasket.com\/#organization"},"potentialAction":[{"@type":"SearchAction","target":{"@type":"EntryPoint","urlTemplate":"https:\/\/tcmsbasket.com\/?s={search_term_string}"},"query-input":{"@type":"PropertyValueSpecification","valueRequired":true,"valueName":"search_term_string"}}],"inLanguage":"fr-FR"},{"@type":"Organization","@id":"https:\/\/tcmsbasket.com\/#organization","name":"TCMSBASKET","url":"https:\/\/tcmsbasket.com\/","logo":{"@type":"ImageObject","inLanguage":"fr-FR","@id":"https:\/\/tcmsbasket.com\/#\/schema\/logo\/image\/","url":"http:\/\/tcmsbasket.com\/wp-content\/uploads\/2016\/08\/logo-TCMS.png","contentUrl":"http:\/\/tcmsbasket.com\/wp-content\/uploads\/2016\/08\/logo-TCMS.png","width":1307,"height":570,"caption":"TCMSBASKET"},"image":{"@id":"https:\/\/tcmsbasket.com\/#\/schema\/logo\/image\/"},"sameAs":["https:\/\/www.facebook.com\/tcmsbasket\/"]}]}},"_links":{"self":[{"href":"https:\/\/tcmsbasket.com\/index.php?rest_route=\/wp\/v2\/pages\/2886","targetHints":{"allow":["GET"]}}],"collection":[{"href":"https:\/\/tcmsbasket.com\/index.php?rest_route=\/wp\/v2\/pages"}],"about":[{"href":"https:\/\/tcmsbasket.com\/index.php?rest_route=\/wp\/v2\/types\/page"}],"author":[{"embeddable":true,"href":"https:\/\/tcmsbasket.com\/index.php?rest_route=\/wp\/v2\/users\/1"}],"replies":[{"embeddable":true,"href":"https:\/\/tcmsbasket.com\/index.php?rest_route=%2Fwp%2Fv2%2Fcomments&post=2886"}],"version-history":[{"count":3,"href":"https:\/\/tcmsbasket.com\/index.php?rest_route=\/wp\/v2\/pages\/2886\/revisions"}],"predecessor-version":[{"id":3085,"href":"https:\/\/tcmsbasket.com\/index.php?rest_route=\/wp\/v2\/pages\/2886\/revisions\/3085"}],"wp:attachment":[{"href":"https:\/\/tcmsbasket.com\/index.php?rest_route=%2Fwp%2Fv2%2Fmedia&parent=2886"}],"curies":[{"name":"wp","href":"https:\/\/api.w.org\/{rel}","templated":true}]}}