{"id":2257,"date":"2018-04-24T10:02:39","date_gmt":"2018-04-24T08:02:39","guid":{"rendered":"http:\/\/tcmsbasket.com\/?page_id=2257"},"modified":"2019-02-03T01:19:45","modified_gmt":"2019-02-02T23:19:45","slug":"u11f","status":"publish","type":"page","link":"https:\/\/tcmsbasket.com\/?page_id=2257","title":{"rendered":"U11F"},"content":{"rendered":"<div>\n<p><strong><span style=\"color: #ff0000;\">\u00c9QUIPE U11 MIXTE \/ SAISON EN COURS<\/span><br \/>\n<\/strong><\/p>\n<p><img loading=\"lazy\" decoding=\"async\" class=\"aligncenter size-full wp-image-2649\" src=\"http:\/\/tcmsbasket.com\/wp-content\/uploads\/2018\/11\/U11-2018-2019.jpg\" alt=\"\" width=\"2592\" height=\"1728\" srcset=\"https:\/\/tcmsbasket.com\/wp-content\/uploads\/2018\/11\/U11-2018-2019.jpg 2592w, https:\/\/tcmsbasket.com\/wp-content\/uploads\/2018\/11\/U11-2018-2019-300x200.jpg 300w, https:\/\/tcmsbasket.com\/wp-content\/uploads\/2018\/11\/U11-2018-2019-768x512.jpg 768w, https:\/\/tcmsbasket.com\/wp-content\/uploads\/2018\/11\/U11-2018-2019-1024x683.jpg 1024w\" sizes=\"auto, (max-width: 2592px) 100vw, 2592px\" \/><\/p>\n<p><strong>Entra\u00eeneur :<\/strong> Vincent ROULLIN<\/p>\n<p><strong><span style=\"color: #ff0000;\"><br \/>\n<\/span><\/strong><\/div>\n<div>&nbsp;<\/div>\n<div>&nbsp;<\/div>\n<div><strong><span style=\"color: #ff0000;\">SAISONS&nbsp;<\/span><\/strong><span style=\"color: #ff0000;\"><b>PR\u00c9C\u00c9DENTES<\/b><\/span><\/div>\n<ul>\n<li><span style=\"color: #0000ff;\"><a style=\"color: #0000ff;\" href=\"http:\/\/tcmsbasket.com\/?p=2108&amp;preview=true\">\u00c9quipe U11F \/ Saison 2014-15<\/a><\/span><\/li>\n<\/ul>\n","protected":false},"excerpt":{"rendered":"<p>\u00c9QUIPE U11 MIXTE \/ SAISON EN COURS Entra\u00eeneur : Vincent ROULLIN &nbsp; &nbsp; SAISONS&nbsp;PR\u00c9C\u00c9DENTES \u00c9quipe U11F \/ Saison 2014-15<\/p>\n","protected":false},"author":1,"featured_media":0,"parent":0,"menu_order":0,"comment_status":"closed","ping_status":"closed","template":"","meta":{"ngg_post_thumbnail":0,"footnotes":""},"class_list":["post-2257","page","type-page","status-publish","hentry"],"yoast_head":"<!-- This site is optimized with the Yoast SEO plugin v25.8 - https:\/\/yoast.com\/wordpress\/plugins\/seo\/ -->\n<title>U11F &#060; TCMS BASKET<\/title>\n<meta name=\"robots\" content=\"index, follow, max-snippet:-1, max-image-preview:large, max-video-preview:-1\" \/>\n<link rel=\"canonical\" href=\"https:\/\/tcmsbasket.com\/?page_id=2257\" \/>\n<meta property=\"og:locale\" content=\"fr_FR\" \/>\n<meta property=\"og:type\" content=\"article\" \/>\n<meta property=\"og:title\" content=\"U11F &#060; TCMS BASKET\" \/>\n<meta property=\"og:description\" content=\"\u00c9QUIPE U11 MIXTE \/ SAISON EN COURS Entra\u00eeneur : Vincent ROULLIN &nbsp; &nbsp; SAISONS&nbsp;PR\u00c9C\u00c9DENTES \u00c9quipe U11F \/ Saison 2014-15\" \/>\n<meta property=\"og:url\" content=\"https:\/\/tcmsbasket.com\/?page_id=2257\" \/>\n<meta property=\"og:site_name\" content=\"TCMS BASKET\" \/>\n<meta property=\"article:publisher\" content=\"https:\/\/www.facebook.com\/tcmsbasket\/\" \/>\n<meta property=\"article:modified_time\" content=\"2019-02-02T23:19:45+00:00\" \/>\n<meta property=\"og:image\" content=\"http:\/\/tcmsbasket.com\/wp-content\/uploads\/2018\/11\/U11-2018-2019.jpg\" \/>\n<meta name=\"twitter:card\" content=\"summary_large_image\" \/>\n<script type=\"application\/ld+json\" class=\"yoast-schema-graph\">{\"@context\":\"https:\/\/schema.org\",\"@graph\":[{\"@type\":\"WebPage\",\"@id\":\"https:\/\/tcmsbasket.com\/?page_id=2257\",\"url\":\"https:\/\/tcmsbasket.com\/?page_id=2257\",\"name\":\"U11F &#060; TCMS BASKET\",\"isPartOf\":{\"@id\":\"https:\/\/tcmsbasket.com\/#website\"},\"primaryImageOfPage\":{\"@id\":\"https:\/\/tcmsbasket.com\/?page_id=2257#primaryimage\"},\"image\":{\"@id\":\"https:\/\/tcmsbasket.com\/?page_id=2257#primaryimage\"},\"thumbnailUrl\":\"http:\/\/tcmsbasket.com\/wp-content\/uploads\/2018\/11\/U11-2018-2019.jpg\",\"datePublished\":\"2018-04-24T08:02:39+00:00\",\"dateModified\":\"2019-02-02T23:19:45+00:00\",\"breadcrumb\":{\"@id\":\"https:\/\/tcmsbasket.com\/?page_id=2257#breadcrumb\"},\"inLanguage\":\"fr-FR\",\"potentialAction\":[{\"@type\":\"ReadAction\",\"target\":[\"https:\/\/tcmsbasket.com\/?page_id=2257\"]}]},{\"@type\":\"ImageObject\",\"inLanguage\":\"fr-FR\",\"@id\":\"https:\/\/tcmsbasket.com\/?page_id=2257#primaryimage\",\"url\":\"https:\/\/tcmsbasket.com\/wp-content\/uploads\/2018\/11\/U11-2018-2019.jpg\",\"contentUrl\":\"https:\/\/tcmsbasket.com\/wp-content\/uploads\/2018\/11\/U11-2018-2019.jpg\",\"width\":2592,\"height\":1728},{\"@type\":\"BreadcrumbList\",\"@id\":\"https:\/\/tcmsbasket.com\/?page_id=2257#breadcrumb\",\"itemListElement\":[{\"@type\":\"ListItem\",\"position\":1,\"name\":\"Accueil\",\"item\":\"https:\/\/tcmsbasket.com\/\"},{\"@type\":\"ListItem\",\"position\":2,\"name\":\"U11F\"}]},{\"@type\":\"WebSite\",\"@id\":\"https:\/\/tcmsbasket.com\/#website\",\"url\":\"https:\/\/tcmsbasket.com\/\",\"name\":\"tcmsbasket\",\"description\":\"TC&#039;ensembles !\",\"publisher\":{\"@id\":\"https:\/\/tcmsbasket.com\/#organization\"},\"potentialAction\":[{\"@type\":\"SearchAction\",\"target\":{\"@type\":\"EntryPoint\",\"urlTemplate\":\"https:\/\/tcmsbasket.com\/?s={search_term_string}\"},\"query-input\":{\"@type\":\"PropertyValueSpecification\",\"valueRequired\":true,\"valueName\":\"search_term_string\"}}],\"inLanguage\":\"fr-FR\"},{\"@type\":\"Organization\",\"@id\":\"https:\/\/tcmsbasket.com\/#organization\",\"name\":\"TCMSBASKET\",\"url\":\"https:\/\/tcmsbasket.com\/\",\"logo\":{\"@type\":\"ImageObject\",\"inLanguage\":\"fr-FR\",\"@id\":\"https:\/\/tcmsbasket.com\/#\/schema\/logo\/image\/\",\"url\":\"http:\/\/tcmsbasket.com\/wp-content\/uploads\/2016\/08\/logo-TCMS.png\",\"contentUrl\":\"http:\/\/tcmsbasket.com\/wp-content\/uploads\/2016\/08\/logo-TCMS.png\",\"width\":1307,\"height\":570,\"caption\":\"TCMSBASKET\"},\"image\":{\"@id\":\"https:\/\/tcmsbasket.com\/#\/schema\/logo\/image\/\"},\"sameAs\":[\"https:\/\/www.facebook.com\/tcmsbasket\/\"]}]}<\/script>\n<!-- \/ Yoast SEO plugin. -->","yoast_head_json":{"title":"U11F &#060; TCMS BASKET","robots":{"index":"index","follow":"follow","max-snippet":"max-snippet:-1","max-image-preview":"max-image-preview:large","max-video-preview":"max-video-preview:-1"},"canonical":"https:\/\/tcmsbasket.com\/?page_id=2257","og_locale":"fr_FR","og_type":"article","og_title":"U11F &#060; TCMS BASKET","og_description":"\u00c9QUIPE U11 MIXTE \/ SAISON EN COURS Entra\u00eeneur : Vincent ROULLIN &nbsp; &nbsp; SAISONS&nbsp;PR\u00c9C\u00c9DENTES \u00c9quipe U11F \/ Saison 2014-15","og_url":"https:\/\/tcmsbasket.com\/?page_id=2257","og_site_name":"TCMS BASKET","article_publisher":"https:\/\/www.facebook.com\/tcmsbasket\/","article_modified_time":"2019-02-02T23:19:45+00:00","og_image":[{"url":"http:\/\/tcmsbasket.com\/wp-content\/uploads\/2018\/11\/U11-2018-2019.jpg","type":"","width":"","height":""}],"twitter_card":"summary_large_image","schema":{"@context":"https:\/\/schema.org","@graph":[{"@type":"WebPage","@id":"https:\/\/tcmsbasket.com\/?page_id=2257","url":"https:\/\/tcmsbasket.com\/?page_id=2257","name":"U11F &#060; TCMS BASKET","isPartOf":{"@id":"https:\/\/tcmsbasket.com\/#website"},"primaryImageOfPage":{"@id":"https:\/\/tcmsbasket.com\/?page_id=2257#primaryimage"},"image":{"@id":"https:\/\/tcmsbasket.com\/?page_id=2257#primaryimage"},"thumbnailUrl":"http:\/\/tcmsbasket.com\/wp-content\/uploads\/2018\/11\/U11-2018-2019.jpg","datePublished":"2018-04-24T08:02:39+00:00","dateModified":"2019-02-02T23:19:45+00:00","breadcrumb":{"@id":"https:\/\/tcmsbasket.com\/?page_id=2257#breadcrumb"},"inLanguage":"fr-FR","potentialAction":[{"@type":"ReadAction","target":["https:\/\/tcmsbasket.com\/?page_id=2257"]}]},{"@type":"ImageObject","inLanguage":"fr-FR","@id":"https:\/\/tcmsbasket.com\/?page_id=2257#primaryimage","url":"https:\/\/tcmsbasket.com\/wp-content\/uploads\/2018\/11\/U11-2018-2019.jpg","contentUrl":"https:\/\/tcmsbasket.com\/wp-content\/uploads\/2018\/11\/U11-2018-2019.jpg","width":2592,"height":1728},{"@type":"BreadcrumbList","@id":"https:\/\/tcmsbasket.com\/?page_id=2257#breadcrumb","itemListElement":[{"@type":"ListItem","position":1,"name":"Accueil","item":"https:\/\/tcmsbasket.com\/"},{"@type":"ListItem","position":2,"name":"U11F"}]},{"@type":"WebSite","@id":"https:\/\/tcmsbasket.com\/#website","url":"https:\/\/tcmsbasket.com\/","name":"tcmsbasket","description":"TC&#039;ensembles !","publisher":{"@id":"https:\/\/tcmsbasket.com\/#organization"},"potentialAction":[{"@type":"SearchAction","target":{"@type":"EntryPoint","urlTemplate":"https:\/\/tcmsbasket.com\/?s={search_term_string}"},"query-input":{"@type":"PropertyValueSpecification","valueRequired":true,"valueName":"search_term_string"}}],"inLanguage":"fr-FR"},{"@type":"Organization","@id":"https:\/\/tcmsbasket.com\/#organization","name":"TCMSBASKET","url":"https:\/\/tcmsbasket.com\/","logo":{"@type":"ImageObject","inLanguage":"fr-FR","@id":"https:\/\/tcmsbasket.com\/#\/schema\/logo\/image\/","url":"http:\/\/tcmsbasket.com\/wp-content\/uploads\/2016\/08\/logo-TCMS.png","contentUrl":"http:\/\/tcmsbasket.com\/wp-content\/uploads\/2016\/08\/logo-TCMS.png","width":1307,"height":570,"caption":"TCMSBASKET"},"image":{"@id":"https:\/\/tcmsbasket.com\/#\/schema\/logo\/image\/"},"sameAs":["https:\/\/www.facebook.com\/tcmsbasket\/"]}]}},"_links":{"self":[{"href":"https:\/\/tcmsbasket.com\/index.php?rest_route=\/wp\/v2\/pages\/2257","targetHints":{"allow":["GET"]}}],"collection":[{"href":"https:\/\/tcmsbasket.com\/index.php?rest_route=\/wp\/v2\/pages"}],"about":[{"href":"https:\/\/tcmsbasket.com\/index.php?rest_route=\/wp\/v2\/types\/page"}],"author":[{"embeddable":true,"href":"https:\/\/tcmsbasket.com\/index.php?rest_route=\/wp\/v2\/users\/1"}],"replies":[{"embeddable":true,"href":"https:\/\/tcmsbasket.com\/index.php?rest_route=%2Fwp%2Fv2%2Fcomments&post=2257"}],"version-history":[{"count":5,"href":"https:\/\/tcmsbasket.com\/index.php?rest_route=\/wp\/v2\/pages\/2257\/revisions"}],"predecessor-version":[{"id":3083,"href":"https:\/\/tcmsbasket.com\/index.php?rest_route=\/wp\/v2\/pages\/2257\/revisions\/3083"}],"wp:attachment":[{"href":"https:\/\/tcmsbasket.com\/index.php?rest_route=%2Fwp%2Fv2%2Fmedia&parent=2257"}],"curies":[{"name":"wp","href":"https:\/\/api.w.org\/{rel}","templated":true}]}}