{"id":2085,"date":"2017-11-28T13:17:22","date_gmt":"2017-11-28T11:17:22","guid":{"rendered":"http:\/\/tcmsbasket.com\/?page_id=2085"},"modified":"2019-03-26T21:03:51","modified_gmt":"2019-03-26T19:03:51","slug":"equipe-dirigeante","status":"publish","type":"page","link":"https:\/\/tcmsbasket.com\/?page_id=2085","title":{"rendered":"LE CLUB"},"content":{"rendered":"<p style=\"text-align: center;\"><strong><span style=\"color: #0000ff;\">LE CLUB<\/span><\/strong><\/p>\n<p style=\"text-align: left;\"><span style=\"color: #000000;\">Avant tout club de quartier, le TCMS Basket &#8211; la plus ancienne et grande structure de basket toulousain &#8211; occupe une place importante dans la vie citoyenne des habitants.<\/span><\/p>\n<p><strong><span style=\"color: #000000;\"><span style=\"color: #0000ff;\">Des valeurs : <\/span><\/span><\/strong><span style=\"color: #000000;\">F\u00e9d\u00e9rateur, par sa dynamique, le club cr\u00e9e du lien social entre les g\u00e9n\u00e9rations et favorise l\u2019insertion des jeunes dans la soci\u00e9t\u00e9, sans distinction de sexe, de race, de statut social ni de religion.<br \/>\nEspace d\u2019\u00e9panouissement et de progr\u00e8s, le TCMS Basket affirme les valeurs du sport &#8211; loyaut\u00e9, respect, ma\u00eetrise de soi, d\u00e9passement de soi et joie &#8211; dans la tol\u00e9rance et la convivialit\u00e9.<\/span><\/p>\n<p><strong><span style=\"color: #0000ff;\">Une \u00e9quipe : <\/span><\/strong><span style=\"color: #000000;\">Le TCMS Basket, ce sont des b\u00e9n\u00e9voles, parents, OTM, arbitres et entra\u00eeneurs qui se mobilisent pour permettre aux \u00e9quipes engag\u00e9es de s&rsquo;entra\u00eener et de jouer.<\/span><\/p>\n<p><span style=\"color: #000000;\">Le TCMS Basket, c&rsquo;est un comit\u00e9 directeur, une direction sportive et technique et un bureau qui &#8211; sous l&rsquo;\u00e9gide de Gis\u00e8le QUINTANA, Pr\u00e9sidente du club &#8211; coordonnent le projet p\u00e9dagogique et les actions du club en direction de la jeunesse et du sport.<\/span><\/p>\n<p><img loading=\"lazy\" decoding=\"async\" class=\"aligncenter size-full wp-image-2940\" src=\"http:\/\/tcmsbasket.com\/wp-content\/uploads\/2019\/01\/FOTO_COMITE_TCMS_NOEL2015_16.jpg\" alt=\"FOTO_COMITE_TCMS_NOEL2015_16\" width=\"2048\" height=\"1365\" srcset=\"https:\/\/tcmsbasket.com\/wp-content\/uploads\/2019\/01\/FOTO_COMITE_TCMS_NOEL2015_16.jpg 2048w, https:\/\/tcmsbasket.com\/wp-content\/uploads\/2019\/01\/FOTO_COMITE_TCMS_NOEL2015_16-300x200.jpg 300w, https:\/\/tcmsbasket.com\/wp-content\/uploads\/2019\/01\/FOTO_COMITE_TCMS_NOEL2015_16-768x512.jpg 768w, https:\/\/tcmsbasket.com\/wp-content\/uploads\/2019\/01\/FOTO_COMITE_TCMS_NOEL2015_16-1024x683.jpg 1024w\" sizes=\"auto, (max-width: 2048px) 100vw, 2048px\" \/><\/p>\n<p><span style=\"color: #0000ff;\"><strong>Un projet p\u00e9dagogique : <\/strong><\/span><span style=\"color: #000000;\">Donner la meilleure formation possible, participer \u00e0 la d\u00e9tection de jeunes prometteurs, offrir \u00e0 chacun la possibilit\u00e9 de jouer dans les meilleures conditions.<br \/>\n<\/span><\/p>\n<p><strong><span style=\"color: #0000ff;\">Des objectifs sportifs : <\/span><\/strong><span style=\"color: #000000;\">Tutoyant toujours les sommets r\u00e9gionaux gr\u00e2ce \u00e0 ses \u00e9quipes seniors et fort des nombreux titres de champion &#8211; tant r\u00e9gionaux que d\u00e9partementaux de ses \u00e9quipes jeunes &#8211; le TCMS Basket met tout en \u0153uvre pour offrir une qualit\u00e9 de jeu et d&rsquo;\u00e9quipements qui convienne \u00e0 l&rsquo;\u00e9volution des jeunes.<\/span><\/p>\n<p><span style=\"color: #0000ff;\"><strong>Des actions : <\/strong><\/span><span style=\"color: #000000;\">Le TCMS Basket accorde une place privil\u00e9gi\u00e9e \u00e0 l&rsquo;apprentissage et au perfectionnement. Dans cette perspective, le club organise des formations (des U13 aux seniors) \u00e0 l&rsquo;arbitrage et \u00e0 la table de marque. Valid\u00e9es par un examen pratique, ces formations permettent \u00e0 tous ceux et celles qui le souhaitent de progresser dans le basket.<\/span><\/p>\n<p style=\"text-align: center;\"><span style=\"color: #0000ff;\"><strong>\u00c9V\u00c9NEMENTS DU CLUB<\/strong><\/span><\/p>\n<ul>\n<li><span style=\"color: #0000ff;\"><a style=\"color: #0000ff;\" href=\"http:\/\/tcmsbasket.com\/wp-admin\/post.php?post=2925&amp;action=edit\">Omnisports<\/a><\/span><\/li>\n<\/ul>\n<p>&nbsp;<\/p>\n","protected":false},"excerpt":{"rendered":"<p>LE CLUB Avant tout club de quartier, le TCMS Basket &#8211; la plus ancienne et grande structure de basket toulousain &#8211; occupe une place importante dans la vie citoyenne des habitants. Des valeurs : F\u00e9d\u00e9rateur, par sa dynamique, le club cr\u00e9e du lien social entre les g\u00e9n\u00e9rations et favorise l\u2019insertion des jeunes dans la soci\u00e9t\u00e9, [&hellip;]<\/p>\n","protected":false},"author":1,"featured_media":0,"parent":0,"menu_order":0,"comment_status":"closed","ping_status":"closed","template":"","meta":{"ngg_post_thumbnail":0,"footnotes":""},"class_list":["post-2085","page","type-page","status-publish","hentry"],"yoast_head":"<!-- This site is optimized with the Yoast SEO plugin v25.8 - https:\/\/yoast.com\/wordpress\/plugins\/seo\/ -->\n<title>LE CLUB &#060; TCMS BASKET<\/title>\n<meta name=\"description\" content=\"Avant tout club de quartier, le TCMS Basket occupe une place importante dans la vie citoyenne des habitants.\" \/>\n<meta name=\"robots\" content=\"index, follow, max-snippet:-1, max-image-preview:large, max-video-preview:-1\" \/>\n<link rel=\"canonical\" href=\"https:\/\/tcmsbasket.com\/?page_id=2085\" \/>\n<meta property=\"og:locale\" content=\"fr_FR\" \/>\n<meta property=\"og:type\" content=\"article\" \/>\n<meta property=\"og:title\" content=\"LE CLUB &#060; TCMS BASKET\" \/>\n<meta property=\"og:description\" content=\"Avant tout club de quartier, le TCMS Basket occupe une place importante dans la vie citoyenne des habitants.\" \/>\n<meta property=\"og:url\" content=\"https:\/\/tcmsbasket.com\/?page_id=2085\" \/>\n<meta property=\"og:site_name\" content=\"TCMS BASKET\" \/>\n<meta property=\"article:publisher\" content=\"https:\/\/www.facebook.com\/tcmsbasket\/\" \/>\n<meta property=\"article:modified_time\" content=\"2019-03-26T19:03:51+00:00\" \/>\n<meta property=\"og:image\" content=\"http:\/\/tcmsbasket.com\/wp-content\/uploads\/2019\/01\/FOTO_COMITE_TCMS_NOEL2015_16.jpg\" \/>\n<meta name=\"twitter:card\" content=\"summary_large_image\" \/>\n<meta name=\"twitter:label1\" content=\"Dur\u00e9e de lecture estim\u00e9e\" \/>\n\t<meta name=\"twitter:data1\" content=\"2 minutes\" \/>\n<script type=\"application\/ld+json\" class=\"yoast-schema-graph\">{\"@context\":\"https:\/\/schema.org\",\"@graph\":[{\"@type\":\"WebPage\",\"@id\":\"https:\/\/tcmsbasket.com\/?page_id=2085\",\"url\":\"https:\/\/tcmsbasket.com\/?page_id=2085\",\"name\":\"LE CLUB &#060; TCMS BASKET\",\"isPartOf\":{\"@id\":\"https:\/\/tcmsbasket.com\/#website\"},\"primaryImageOfPage\":{\"@id\":\"https:\/\/tcmsbasket.com\/?page_id=2085#primaryimage\"},\"image\":{\"@id\":\"https:\/\/tcmsbasket.com\/?page_id=2085#primaryimage\"},\"thumbnailUrl\":\"http:\/\/tcmsbasket.com\/wp-content\/uploads\/2019\/01\/FOTO_COMITE_TCMS_NOEL2015_16.jpg\",\"datePublished\":\"2017-11-28T11:17:22+00:00\",\"dateModified\":\"2019-03-26T19:03:51+00:00\",\"description\":\"Avant tout club de quartier, le TCMS Basket occupe une place importante dans la vie citoyenne des habitants.\",\"breadcrumb\":{\"@id\":\"https:\/\/tcmsbasket.com\/?page_id=2085#breadcrumb\"},\"inLanguage\":\"fr-FR\",\"potentialAction\":[{\"@type\":\"ReadAction\",\"target\":[\"https:\/\/tcmsbasket.com\/?page_id=2085\"]}]},{\"@type\":\"ImageObject\",\"inLanguage\":\"fr-FR\",\"@id\":\"https:\/\/tcmsbasket.com\/?page_id=2085#primaryimage\",\"url\":\"https:\/\/tcmsbasket.com\/wp-content\/uploads\/2019\/01\/FOTO_COMITE_TCMS_NOEL2015_16.jpg\",\"contentUrl\":\"https:\/\/tcmsbasket.com\/wp-content\/uploads\/2019\/01\/FOTO_COMITE_TCMS_NOEL2015_16.jpg\",\"width\":2048,\"height\":1365,\"caption\":\"FOTO_COMITE_TCMS_NOEL2015_16\"},{\"@type\":\"BreadcrumbList\",\"@id\":\"https:\/\/tcmsbasket.com\/?page_id=2085#breadcrumb\",\"itemListElement\":[{\"@type\":\"ListItem\",\"position\":1,\"name\":\"Accueil\",\"item\":\"https:\/\/tcmsbasket.com\/\"},{\"@type\":\"ListItem\",\"position\":2,\"name\":\"LE CLUB\"}]},{\"@type\":\"WebSite\",\"@id\":\"https:\/\/tcmsbasket.com\/#website\",\"url\":\"https:\/\/tcmsbasket.com\/\",\"name\":\"tcmsbasket\",\"description\":\"TC&#039;ensembles !\",\"publisher\":{\"@id\":\"https:\/\/tcmsbasket.com\/#organization\"},\"potentialAction\":[{\"@type\":\"SearchAction\",\"target\":{\"@type\":\"EntryPoint\",\"urlTemplate\":\"https:\/\/tcmsbasket.com\/?s={search_term_string}\"},\"query-input\":{\"@type\":\"PropertyValueSpecification\",\"valueRequired\":true,\"valueName\":\"search_term_string\"}}],\"inLanguage\":\"fr-FR\"},{\"@type\":\"Organization\",\"@id\":\"https:\/\/tcmsbasket.com\/#organization\",\"name\":\"TCMSBASKET\",\"url\":\"https:\/\/tcmsbasket.com\/\",\"logo\":{\"@type\":\"ImageObject\",\"inLanguage\":\"fr-FR\",\"@id\":\"https:\/\/tcmsbasket.com\/#\/schema\/logo\/image\/\",\"url\":\"http:\/\/tcmsbasket.com\/wp-content\/uploads\/2016\/08\/logo-TCMS.png\",\"contentUrl\":\"http:\/\/tcmsbasket.com\/wp-content\/uploads\/2016\/08\/logo-TCMS.png\",\"width\":1307,\"height\":570,\"caption\":\"TCMSBASKET\"},\"image\":{\"@id\":\"https:\/\/tcmsbasket.com\/#\/schema\/logo\/image\/\"},\"sameAs\":[\"https:\/\/www.facebook.com\/tcmsbasket\/\"]}]}<\/script>\n<!-- \/ Yoast SEO plugin. -->","yoast_head_json":{"title":"LE CLUB &#060; TCMS BASKET","description":"Avant tout club de quartier, le TCMS Basket occupe une place importante dans la vie citoyenne des habitants.","robots":{"index":"index","follow":"follow","max-snippet":"max-snippet:-1","max-image-preview":"max-image-preview:large","max-video-preview":"max-video-preview:-1"},"canonical":"https:\/\/tcmsbasket.com\/?page_id=2085","og_locale":"fr_FR","og_type":"article","og_title":"LE CLUB &#060; TCMS BASKET","og_description":"Avant tout club de quartier, le TCMS Basket occupe une place importante dans la vie citoyenne des habitants.","og_url":"https:\/\/tcmsbasket.com\/?page_id=2085","og_site_name":"TCMS BASKET","article_publisher":"https:\/\/www.facebook.com\/tcmsbasket\/","article_modified_time":"2019-03-26T19:03:51+00:00","og_image":[{"url":"http:\/\/tcmsbasket.com\/wp-content\/uploads\/2019\/01\/FOTO_COMITE_TCMS_NOEL2015_16.jpg","type":"","width":"","height":""}],"twitter_card":"summary_large_image","twitter_misc":{"Dur\u00e9e de lecture estim\u00e9e":"2 minutes"},"schema":{"@context":"https:\/\/schema.org","@graph":[{"@type":"WebPage","@id":"https:\/\/tcmsbasket.com\/?page_id=2085","url":"https:\/\/tcmsbasket.com\/?page_id=2085","name":"LE CLUB &#060; TCMS BASKET","isPartOf":{"@id":"https:\/\/tcmsbasket.com\/#website"},"primaryImageOfPage":{"@id":"https:\/\/tcmsbasket.com\/?page_id=2085#primaryimage"},"image":{"@id":"https:\/\/tcmsbasket.com\/?page_id=2085#primaryimage"},"thumbnailUrl":"http:\/\/tcmsbasket.com\/wp-content\/uploads\/2019\/01\/FOTO_COMITE_TCMS_NOEL2015_16.jpg","datePublished":"2017-11-28T11:17:22+00:00","dateModified":"2019-03-26T19:03:51+00:00","description":"Avant tout club de quartier, le TCMS Basket occupe une place importante dans la vie citoyenne des habitants.","breadcrumb":{"@id":"https:\/\/tcmsbasket.com\/?page_id=2085#breadcrumb"},"inLanguage":"fr-FR","potentialAction":[{"@type":"ReadAction","target":["https:\/\/tcmsbasket.com\/?page_id=2085"]}]},{"@type":"ImageObject","inLanguage":"fr-FR","@id":"https:\/\/tcmsbasket.com\/?page_id=2085#primaryimage","url":"https:\/\/tcmsbasket.com\/wp-content\/uploads\/2019\/01\/FOTO_COMITE_TCMS_NOEL2015_16.jpg","contentUrl":"https:\/\/tcmsbasket.com\/wp-content\/uploads\/2019\/01\/FOTO_COMITE_TCMS_NOEL2015_16.jpg","width":2048,"height":1365,"caption":"FOTO_COMITE_TCMS_NOEL2015_16"},{"@type":"BreadcrumbList","@id":"https:\/\/tcmsbasket.com\/?page_id=2085#breadcrumb","itemListElement":[{"@type":"ListItem","position":1,"name":"Accueil","item":"https:\/\/tcmsbasket.com\/"},{"@type":"ListItem","position":2,"name":"LE CLUB"}]},{"@type":"WebSite","@id":"https:\/\/tcmsbasket.com\/#website","url":"https:\/\/tcmsbasket.com\/","name":"tcmsbasket","description":"TC&#039;ensembles !","publisher":{"@id":"https:\/\/tcmsbasket.com\/#organization"},"potentialAction":[{"@type":"SearchAction","target":{"@type":"EntryPoint","urlTemplate":"https:\/\/tcmsbasket.com\/?s={search_term_string}"},"query-input":{"@type":"PropertyValueSpecification","valueRequired":true,"valueName":"search_term_string"}}],"inLanguage":"fr-FR"},{"@type":"Organization","@id":"https:\/\/tcmsbasket.com\/#organization","name":"TCMSBASKET","url":"https:\/\/tcmsbasket.com\/","logo":{"@type":"ImageObject","inLanguage":"fr-FR","@id":"https:\/\/tcmsbasket.com\/#\/schema\/logo\/image\/","url":"http:\/\/tcmsbasket.com\/wp-content\/uploads\/2016\/08\/logo-TCMS.png","contentUrl":"http:\/\/tcmsbasket.com\/wp-content\/uploads\/2016\/08\/logo-TCMS.png","width":1307,"height":570,"caption":"TCMSBASKET"},"image":{"@id":"https:\/\/tcmsbasket.com\/#\/schema\/logo\/image\/"},"sameAs":["https:\/\/www.facebook.com\/tcmsbasket\/"]}]}},"_links":{"self":[{"href":"https:\/\/tcmsbasket.com\/index.php?rest_route=\/wp\/v2\/pages\/2085","targetHints":{"allow":["GET"]}}],"collection":[{"href":"https:\/\/tcmsbasket.com\/index.php?rest_route=\/wp\/v2\/pages"}],"about":[{"href":"https:\/\/tcmsbasket.com\/index.php?rest_route=\/wp\/v2\/types\/page"}],"author":[{"embeddable":true,"href":"https:\/\/tcmsbasket.com\/index.php?rest_route=\/wp\/v2\/users\/1"}],"replies":[{"embeddable":true,"href":"https:\/\/tcmsbasket.com\/index.php?rest_route=%2Fwp%2Fv2%2Fcomments&post=2085"}],"version-history":[{"count":20,"href":"https:\/\/tcmsbasket.com\/index.php?rest_route=\/wp\/v2\/pages\/2085\/revisions"}],"predecessor-version":[{"id":3142,"href":"https:\/\/tcmsbasket.com\/index.php?rest_route=\/wp\/v2\/pages\/2085\/revisions\/3142"}],"wp:attachment":[{"href":"https:\/\/tcmsbasket.com\/index.php?rest_route=%2Fwp%2Fv2%2Fmedia&parent=2085"}],"curies":[{"name":"wp","href":"https:\/\/api.w.org\/{rel}","templated":true}]}}