{"id":196,"date":"2014-09-14T08:37:08","date_gmt":"2014-09-14T06:37:08","guid":{"rendered":"http:\/\/tcmsbasket.com\/?page_id=196"},"modified":"2019-11-30T09:18:41","modified_gmt":"2019-11-30T07:18:41","slug":"u13f","status":"publish","type":"page","link":"https:\/\/tcmsbasket.com\/?page_id=196","title":{"rendered":"U13F"},"content":{"rendered":"<h5><span style=\"color: #ff0000;\"><strong>\u00c9QUIPE U13F \/ SAISON EN COURS<br \/>\n<\/strong><\/span><\/h5>\n<h5><span style=\"color: #ff0000;\"><strong><a href=\"https:\/\/www.dropbox.com\/sh\/ttfnri8akwqkqd4\/AAAe7RJzF-8m1sQczkrSKwUma?dl=0\">U13F SAISON 2019-2020<\/a><\/strong><\/span><\/h5>\n<h5>&nbsp;<\/h5>\n<h5><strong><span style=\"color: #ff0000;\">SAISONS PR\u00c9C\u00c9DENTES<\/span><\/strong><\/h5>\n<ul>\n<li><span style=\"color: #0000ff;\"><a style=\"color: #0000ff;\" href=\"http:\/\/tcmsbasket.com\/?p=2091\">\u00c9quipe U13F \/ Saison 2015-16<\/a><\/span><\/li>\n<li><a href=\"http:\/\/tcmsbasket.com\/wp-admin\/post.php?post=2847&amp;action=edit\"><span style=\"color: #0000ff;\">\u00c9quipe U13F \/ Saison 2014-15<\/span><\/a><\/li>\n<\/ul>\n<p>&nbsp;<\/p>\n","protected":false},"excerpt":{"rendered":"<p>\u00c9QUIPE U13F \/ SAISON EN COURS U13F SAISON 2019-2020 &nbsp; SAISONS PR\u00c9C\u00c9DENTES \u00c9quipe U13F \/ Saison 2015-16 \u00c9quipe U13F \/ Saison 2014-15 &nbsp;<\/p>\n","protected":false},"author":1,"featured_media":0,"parent":0,"menu_order":0,"comment_status":"closed","ping_status":"open","template":"","meta":{"ngg_post_thumbnail":0,"footnotes":""},"class_list":["post-196","page","type-page","status-publish","hentry"],"yoast_head":"<!-- This site is optimized with the Yoast SEO plugin v25.8 - https:\/\/yoast.com\/wordpress\/plugins\/seo\/ -->\n<title>U13F &#060; TCMS BASKET<\/title>\n<meta name=\"robots\" content=\"index, follow, max-snippet:-1, max-image-preview:large, max-video-preview:-1\" \/>\n<link rel=\"canonical\" href=\"https:\/\/tcmsbasket.com\/?page_id=196\" \/>\n<meta property=\"og:locale\" content=\"fr_FR\" \/>\n<meta property=\"og:type\" content=\"article\" \/>\n<meta property=\"og:title\" content=\"U13F &#060; TCMS BASKET\" \/>\n<meta property=\"og:description\" content=\"\u00c9QUIPE U13F \/ SAISON EN COURS U13F SAISON 2019-2020 &nbsp; SAISONS PR\u00c9C\u00c9DENTES \u00c9quipe U13F \/ Saison 2015-16 \u00c9quipe U13F \/ Saison 2014-15 &nbsp;\" \/>\n<meta property=\"og:url\" content=\"https:\/\/tcmsbasket.com\/?page_id=196\" \/>\n<meta property=\"og:site_name\" content=\"TCMS BASKET\" \/>\n<meta property=\"article:publisher\" content=\"https:\/\/www.facebook.com\/tcmsbasket\/\" \/>\n<meta property=\"article:modified_time\" content=\"2019-11-30T07:18:41+00:00\" \/>\n<meta name=\"twitter:card\" content=\"summary_large_image\" \/>\n<script type=\"application\/ld+json\" class=\"yoast-schema-graph\">{\"@context\":\"https:\/\/schema.org\",\"@graph\":[{\"@type\":\"WebPage\",\"@id\":\"https:\/\/tcmsbasket.com\/?page_id=196\",\"url\":\"https:\/\/tcmsbasket.com\/?page_id=196\",\"name\":\"U13F &#060; TCMS BASKET\",\"isPartOf\":{\"@id\":\"https:\/\/tcmsbasket.com\/#website\"},\"datePublished\":\"2014-09-14T06:37:08+00:00\",\"dateModified\":\"2019-11-30T07:18:41+00:00\",\"breadcrumb\":{\"@id\":\"https:\/\/tcmsbasket.com\/?page_id=196#breadcrumb\"},\"inLanguage\":\"fr-FR\",\"potentialAction\":[{\"@type\":\"ReadAction\",\"target\":[\"https:\/\/tcmsbasket.com\/?page_id=196\"]}]},{\"@type\":\"BreadcrumbList\",\"@id\":\"https:\/\/tcmsbasket.com\/?page_id=196#breadcrumb\",\"itemListElement\":[{\"@type\":\"ListItem\",\"position\":1,\"name\":\"Accueil\",\"item\":\"https:\/\/tcmsbasket.com\/\"},{\"@type\":\"ListItem\",\"position\":2,\"name\":\"U13F\"}]},{\"@type\":\"WebSite\",\"@id\":\"https:\/\/tcmsbasket.com\/#website\",\"url\":\"https:\/\/tcmsbasket.com\/\",\"name\":\"tcmsbasket\",\"description\":\"TC&#039;ensembles !\",\"publisher\":{\"@id\":\"https:\/\/tcmsbasket.com\/#organization\"},\"potentialAction\":[{\"@type\":\"SearchAction\",\"target\":{\"@type\":\"EntryPoint\",\"urlTemplate\":\"https:\/\/tcmsbasket.com\/?s={search_term_string}\"},\"query-input\":{\"@type\":\"PropertyValueSpecification\",\"valueRequired\":true,\"valueName\":\"search_term_string\"}}],\"inLanguage\":\"fr-FR\"},{\"@type\":\"Organization\",\"@id\":\"https:\/\/tcmsbasket.com\/#organization\",\"name\":\"TCMSBASKET\",\"url\":\"https:\/\/tcmsbasket.com\/\",\"logo\":{\"@type\":\"ImageObject\",\"inLanguage\":\"fr-FR\",\"@id\":\"https:\/\/tcmsbasket.com\/#\/schema\/logo\/image\/\",\"url\":\"http:\/\/tcmsbasket.com\/wp-content\/uploads\/2016\/08\/logo-TCMS.png\",\"contentUrl\":\"http:\/\/tcmsbasket.com\/wp-content\/uploads\/2016\/08\/logo-TCMS.png\",\"width\":1307,\"height\":570,\"caption\":\"TCMSBASKET\"},\"image\":{\"@id\":\"https:\/\/tcmsbasket.com\/#\/schema\/logo\/image\/\"},\"sameAs\":[\"https:\/\/www.facebook.com\/tcmsbasket\/\"]}]}<\/script>\n<!-- \/ Yoast SEO plugin. -->","yoast_head_json":{"title":"U13F &#060; TCMS BASKET","robots":{"index":"index","follow":"follow","max-snippet":"max-snippet:-1","max-image-preview":"max-image-preview:large","max-video-preview":"max-video-preview:-1"},"canonical":"https:\/\/tcmsbasket.com\/?page_id=196","og_locale":"fr_FR","og_type":"article","og_title":"U13F &#060; TCMS BASKET","og_description":"\u00c9QUIPE U13F \/ SAISON EN COURS U13F SAISON 2019-2020 &nbsp; SAISONS PR\u00c9C\u00c9DENTES \u00c9quipe U13F \/ Saison 2015-16 \u00c9quipe U13F \/ Saison 2014-15 &nbsp;","og_url":"https:\/\/tcmsbasket.com\/?page_id=196","og_site_name":"TCMS BASKET","article_publisher":"https:\/\/www.facebook.com\/tcmsbasket\/","article_modified_time":"2019-11-30T07:18:41+00:00","twitter_card":"summary_large_image","schema":{"@context":"https:\/\/schema.org","@graph":[{"@type":"WebPage","@id":"https:\/\/tcmsbasket.com\/?page_id=196","url":"https:\/\/tcmsbasket.com\/?page_id=196","name":"U13F &#060; TCMS BASKET","isPartOf":{"@id":"https:\/\/tcmsbasket.com\/#website"},"datePublished":"2014-09-14T06:37:08+00:00","dateModified":"2019-11-30T07:18:41+00:00","breadcrumb":{"@id":"https:\/\/tcmsbasket.com\/?page_id=196#breadcrumb"},"inLanguage":"fr-FR","potentialAction":[{"@type":"ReadAction","target":["https:\/\/tcmsbasket.com\/?page_id=196"]}]},{"@type":"BreadcrumbList","@id":"https:\/\/tcmsbasket.com\/?page_id=196#breadcrumb","itemListElement":[{"@type":"ListItem","position":1,"name":"Accueil","item":"https:\/\/tcmsbasket.com\/"},{"@type":"ListItem","position":2,"name":"U13F"}]},{"@type":"WebSite","@id":"https:\/\/tcmsbasket.com\/#website","url":"https:\/\/tcmsbasket.com\/","name":"tcmsbasket","description":"TC&#039;ensembles !","publisher":{"@id":"https:\/\/tcmsbasket.com\/#organization"},"potentialAction":[{"@type":"SearchAction","target":{"@type":"EntryPoint","urlTemplate":"https:\/\/tcmsbasket.com\/?s={search_term_string}"},"query-input":{"@type":"PropertyValueSpecification","valueRequired":true,"valueName":"search_term_string"}}],"inLanguage":"fr-FR"},{"@type":"Organization","@id":"https:\/\/tcmsbasket.com\/#organization","name":"TCMSBASKET","url":"https:\/\/tcmsbasket.com\/","logo":{"@type":"ImageObject","inLanguage":"fr-FR","@id":"https:\/\/tcmsbasket.com\/#\/schema\/logo\/image\/","url":"http:\/\/tcmsbasket.com\/wp-content\/uploads\/2016\/08\/logo-TCMS.png","contentUrl":"http:\/\/tcmsbasket.com\/wp-content\/uploads\/2016\/08\/logo-TCMS.png","width":1307,"height":570,"caption":"TCMSBASKET"},"image":{"@id":"https:\/\/tcmsbasket.com\/#\/schema\/logo\/image\/"},"sameAs":["https:\/\/www.facebook.com\/tcmsbasket\/"]}]}},"_links":{"self":[{"href":"https:\/\/tcmsbasket.com\/index.php?rest_route=\/wp\/v2\/pages\/196","targetHints":{"allow":["GET"]}}],"collection":[{"href":"https:\/\/tcmsbasket.com\/index.php?rest_route=\/wp\/v2\/pages"}],"about":[{"href":"https:\/\/tcmsbasket.com\/index.php?rest_route=\/wp\/v2\/types\/page"}],"author":[{"embeddable":true,"href":"https:\/\/tcmsbasket.com\/index.php?rest_route=\/wp\/v2\/users\/1"}],"replies":[{"embeddable":true,"href":"https:\/\/tcmsbasket.com\/index.php?rest_route=%2Fwp%2Fv2%2Fcomments&post=196"}],"version-history":[{"count":14,"href":"https:\/\/tcmsbasket.com\/index.php?rest_route=\/wp\/v2\/pages\/196\/revisions"}],"predecessor-version":[{"id":3338,"href":"https:\/\/tcmsbasket.com\/index.php?rest_route=\/wp\/v2\/pages\/196\/revisions\/3338"}],"wp:attachment":[{"href":"https:\/\/tcmsbasket.com\/index.php?rest_route=%2Fwp%2Fv2%2Fmedia&parent=196"}],"curies":[{"name":"wp","href":"https:\/\/api.w.org\/{rel}","templated":true}]}}