{"id":1572,"date":"2015-11-26T19:32:05","date_gmt":"2015-11-26T17:32:05","guid":{"rendered":"http:\/\/tcmsbasket.com\/?page_id=1572"},"modified":"2019-01-26T20:09:40","modified_gmt":"2019-01-26T18:09:40","slug":"u20-2","status":"publish","type":"page","link":"https:\/\/tcmsbasket.com\/?page_id=1572","title":{"rendered":"U20"},"content":{"rendered":"<p style=\"text-align: center;\"><span style=\"color: #ff0000;\"><strong>\u00c9QUIPE U20M \/ SAISON EN COURS<br \/>\n<\/strong><\/span><\/p>\n<p><img loading=\"lazy\" decoding=\"async\" class=\"aligncenter size-full wp-image-2634\" src=\"http:\/\/tcmsbasket.com\/wp-content\/uploads\/2018\/10\/U20M-2018-2019.jpg\" alt=\"Photo \u00c9quipe U20M \/ Saison 2018-2019\" width=\"2000\" height=\"1445\" srcset=\"https:\/\/tcmsbasket.com\/wp-content\/uploads\/2018\/10\/U20M-2018-2019.jpg 2000w, https:\/\/tcmsbasket.com\/wp-content\/uploads\/2018\/10\/U20M-2018-2019-300x217.jpg 300w, https:\/\/tcmsbasket.com\/wp-content\/uploads\/2018\/10\/U20M-2018-2019-768x555.jpg 768w, https:\/\/tcmsbasket.com\/wp-content\/uploads\/2018\/10\/U20M-2018-2019-1024x740.jpg 1024w\" sizes=\"auto, (max-width: 2000px) 100vw, 2000px\" \/><\/p>\n<p><strong>Entra\u00eeneur :<\/strong> Bruno HAETTY <em>(en haut \u00e0 gauche)<\/em><\/p>\n<p><strong>Responsable d&rsquo;\u00e9quipe :<\/strong> Christelle CEZETTE <em>(\u00e0 droite de Bruno)<\/em><\/p>\n<p><em>En haut de gauche \u00e0 droite<\/em> : Alexis CARRIERE; Alexandre BOYER; Florian PUJOLS; Martin CHEMINEAU; Yohan JARNAC; Aymeric KHIAR<\/p>\n<p><em>En bas de gauche \u00e0 droite<\/em> : Arthur FEOUGIER; Lilian VOLTAIRE; Hilal TAZI; Gaspard LEAUTIER; Killian LANCELOT; Ga\u00ebl PARIENTE<\/p>\n<p><em>Manque<\/em> : Paul LAGARDE<\/p>\n<p style=\"text-align: center;\"><strong><span style=\"color: #ff0000;\">SAISONS PR\u00c9C\u00c9DENTES<\/span><\/strong><\/p>\n<ul>\n<li><a href=\"http:\/\/Photo \u00c9quipe U20M \/ Saison 2018-2019\"><span style=\"color: #0000ff;\">\u00c9quipe U20F \/ Saison 2015-16<\/span><\/a><\/li>\n<li><span style=\"color: #0000ff;\"><a style=\"color: #0000ff;\" href=\"http:\/\/tcmsbasket.com\/wp-admin\/post.php?post=2794&amp;action=edit\">\u00c9quipe U20M \/ Saison 2014-15<\/a><\/span><\/li>\n<\/ul>\n","protected":false},"excerpt":{"rendered":"<p>\u00c9QUIPE U20M \/ SAISON EN COURS Entra\u00eeneur : Bruno HAETTY (en haut \u00e0 gauche) Responsable d&rsquo;\u00e9quipe : Christelle CEZETTE (\u00e0 droite de Bruno) En haut de gauche \u00e0 droite : Alexis CARRIERE; Alexandre BOYER; Florian PUJOLS; Martin CHEMINEAU; Yohan JARNAC; Aymeric KHIAR En bas de gauche \u00e0 droite : Arthur FEOUGIER; Lilian VOLTAIRE; Hilal TAZI; [&hellip;]<\/p>\n","protected":false},"author":1,"featured_media":0,"parent":0,"menu_order":0,"comment_status":"closed","ping_status":"closed","template":"","meta":{"ngg_post_thumbnail":0,"footnotes":""},"class_list":["post-1572","page","type-page","status-publish","hentry"],"yoast_head":"<!-- This site is optimized with the Yoast SEO plugin v25.8 - https:\/\/yoast.com\/wordpress\/plugins\/seo\/ -->\n<title>U20 &#060; TCMS BASKET<\/title>\n<meta name=\"robots\" content=\"index, follow, max-snippet:-1, max-image-preview:large, max-video-preview:-1\" \/>\n<link rel=\"canonical\" href=\"https:\/\/tcmsbasket.com\/?page_id=1572\" \/>\n<meta property=\"og:locale\" content=\"fr_FR\" \/>\n<meta property=\"og:type\" content=\"article\" \/>\n<meta property=\"og:title\" content=\"U20 &#060; TCMS BASKET\" \/>\n<meta property=\"og:description\" content=\"\u00c9QUIPE U20M \/ SAISON EN COURS Entra\u00eeneur : Bruno HAETTY (en haut \u00e0 gauche) Responsable d&rsquo;\u00e9quipe : Christelle CEZETTE (\u00e0 droite de Bruno) En haut de gauche \u00e0 droite : Alexis CARRIERE; Alexandre BOYER; Florian PUJOLS; Martin CHEMINEAU; Yohan JARNAC; Aymeric KHIAR En bas de gauche \u00e0 droite : Arthur FEOUGIER; Lilian VOLTAIRE; Hilal TAZI; [&hellip;]\" \/>\n<meta property=\"og:url\" content=\"https:\/\/tcmsbasket.com\/?page_id=1572\" \/>\n<meta property=\"og:site_name\" content=\"TCMS BASKET\" \/>\n<meta property=\"article:publisher\" content=\"https:\/\/www.facebook.com\/tcmsbasket\/\" \/>\n<meta property=\"article:modified_time\" content=\"2019-01-26T18:09:40+00:00\" \/>\n<meta property=\"og:image\" content=\"http:\/\/tcmsbasket.com\/wp-content\/uploads\/2018\/10\/U20M-2018-2019.jpg\" \/>\n<meta name=\"twitter:card\" content=\"summary_large_image\" \/>\n<script type=\"application\/ld+json\" class=\"yoast-schema-graph\">{\"@context\":\"https:\/\/schema.org\",\"@graph\":[{\"@type\":\"WebPage\",\"@id\":\"https:\/\/tcmsbasket.com\/?page_id=1572\",\"url\":\"https:\/\/tcmsbasket.com\/?page_id=1572\",\"name\":\"U20 &#060; TCMS BASKET\",\"isPartOf\":{\"@id\":\"https:\/\/tcmsbasket.com\/#website\"},\"primaryImageOfPage\":{\"@id\":\"https:\/\/tcmsbasket.com\/?page_id=1572#primaryimage\"},\"image\":{\"@id\":\"https:\/\/tcmsbasket.com\/?page_id=1572#primaryimage\"},\"thumbnailUrl\":\"http:\/\/tcmsbasket.com\/wp-content\/uploads\/2018\/10\/U20M-2018-2019.jpg\",\"datePublished\":\"2015-11-26T17:32:05+00:00\",\"dateModified\":\"2019-01-26T18:09:40+00:00\",\"breadcrumb\":{\"@id\":\"https:\/\/tcmsbasket.com\/?page_id=1572#breadcrumb\"},\"inLanguage\":\"fr-FR\",\"potentialAction\":[{\"@type\":\"ReadAction\",\"target\":[\"https:\/\/tcmsbasket.com\/?page_id=1572\"]}]},{\"@type\":\"ImageObject\",\"inLanguage\":\"fr-FR\",\"@id\":\"https:\/\/tcmsbasket.com\/?page_id=1572#primaryimage\",\"url\":\"https:\/\/tcmsbasket.com\/wp-content\/uploads\/2018\/10\/U20M-2018-2019.jpg\",\"contentUrl\":\"https:\/\/tcmsbasket.com\/wp-content\/uploads\/2018\/10\/U20M-2018-2019.jpg\",\"width\":2000,\"height\":1445,\"caption\":\"Photo \u00c9quipe U20M \/ Saison 2018-2019\"},{\"@type\":\"BreadcrumbList\",\"@id\":\"https:\/\/tcmsbasket.com\/?page_id=1572#breadcrumb\",\"itemListElement\":[{\"@type\":\"ListItem\",\"position\":1,\"name\":\"Accueil\",\"item\":\"https:\/\/tcmsbasket.com\/\"},{\"@type\":\"ListItem\",\"position\":2,\"name\":\"U20\"}]},{\"@type\":\"WebSite\",\"@id\":\"https:\/\/tcmsbasket.com\/#website\",\"url\":\"https:\/\/tcmsbasket.com\/\",\"name\":\"tcmsbasket\",\"description\":\"TC&#039;ensembles !\",\"publisher\":{\"@id\":\"https:\/\/tcmsbasket.com\/#organization\"},\"potentialAction\":[{\"@type\":\"SearchAction\",\"target\":{\"@type\":\"EntryPoint\",\"urlTemplate\":\"https:\/\/tcmsbasket.com\/?s={search_term_string}\"},\"query-input\":{\"@type\":\"PropertyValueSpecification\",\"valueRequired\":true,\"valueName\":\"search_term_string\"}}],\"inLanguage\":\"fr-FR\"},{\"@type\":\"Organization\",\"@id\":\"https:\/\/tcmsbasket.com\/#organization\",\"name\":\"TCMSBASKET\",\"url\":\"https:\/\/tcmsbasket.com\/\",\"logo\":{\"@type\":\"ImageObject\",\"inLanguage\":\"fr-FR\",\"@id\":\"https:\/\/tcmsbasket.com\/#\/schema\/logo\/image\/\",\"url\":\"http:\/\/tcmsbasket.com\/wp-content\/uploads\/2016\/08\/logo-TCMS.png\",\"contentUrl\":\"http:\/\/tcmsbasket.com\/wp-content\/uploads\/2016\/08\/logo-TCMS.png\",\"width\":1307,\"height\":570,\"caption\":\"TCMSBASKET\"},\"image\":{\"@id\":\"https:\/\/tcmsbasket.com\/#\/schema\/logo\/image\/\"},\"sameAs\":[\"https:\/\/www.facebook.com\/tcmsbasket\/\"]}]}<\/script>\n<!-- \/ Yoast SEO plugin. -->","yoast_head_json":{"title":"U20 &#060; TCMS BASKET","robots":{"index":"index","follow":"follow","max-snippet":"max-snippet:-1","max-image-preview":"max-image-preview:large","max-video-preview":"max-video-preview:-1"},"canonical":"https:\/\/tcmsbasket.com\/?page_id=1572","og_locale":"fr_FR","og_type":"article","og_title":"U20 &#060; TCMS BASKET","og_description":"\u00c9QUIPE U20M \/ SAISON EN COURS Entra\u00eeneur : Bruno HAETTY (en haut \u00e0 gauche) Responsable d&rsquo;\u00e9quipe : Christelle CEZETTE (\u00e0 droite de Bruno) En haut de gauche \u00e0 droite : Alexis CARRIERE; Alexandre BOYER; Florian PUJOLS; Martin CHEMINEAU; Yohan JARNAC; Aymeric KHIAR En bas de gauche \u00e0 droite : Arthur FEOUGIER; Lilian VOLTAIRE; Hilal TAZI; [&hellip;]","og_url":"https:\/\/tcmsbasket.com\/?page_id=1572","og_site_name":"TCMS BASKET","article_publisher":"https:\/\/www.facebook.com\/tcmsbasket\/","article_modified_time":"2019-01-26T18:09:40+00:00","og_image":[{"url":"http:\/\/tcmsbasket.com\/wp-content\/uploads\/2018\/10\/U20M-2018-2019.jpg","type":"","width":"","height":""}],"twitter_card":"summary_large_image","schema":{"@context":"https:\/\/schema.org","@graph":[{"@type":"WebPage","@id":"https:\/\/tcmsbasket.com\/?page_id=1572","url":"https:\/\/tcmsbasket.com\/?page_id=1572","name":"U20 &#060; TCMS BASKET","isPartOf":{"@id":"https:\/\/tcmsbasket.com\/#website"},"primaryImageOfPage":{"@id":"https:\/\/tcmsbasket.com\/?page_id=1572#primaryimage"},"image":{"@id":"https:\/\/tcmsbasket.com\/?page_id=1572#primaryimage"},"thumbnailUrl":"http:\/\/tcmsbasket.com\/wp-content\/uploads\/2018\/10\/U20M-2018-2019.jpg","datePublished":"2015-11-26T17:32:05+00:00","dateModified":"2019-01-26T18:09:40+00:00","breadcrumb":{"@id":"https:\/\/tcmsbasket.com\/?page_id=1572#breadcrumb"},"inLanguage":"fr-FR","potentialAction":[{"@type":"ReadAction","target":["https:\/\/tcmsbasket.com\/?page_id=1572"]}]},{"@type":"ImageObject","inLanguage":"fr-FR","@id":"https:\/\/tcmsbasket.com\/?page_id=1572#primaryimage","url":"https:\/\/tcmsbasket.com\/wp-content\/uploads\/2018\/10\/U20M-2018-2019.jpg","contentUrl":"https:\/\/tcmsbasket.com\/wp-content\/uploads\/2018\/10\/U20M-2018-2019.jpg","width":2000,"height":1445,"caption":"Photo \u00c9quipe U20M \/ Saison 2018-2019"},{"@type":"BreadcrumbList","@id":"https:\/\/tcmsbasket.com\/?page_id=1572#breadcrumb","itemListElement":[{"@type":"ListItem","position":1,"name":"Accueil","item":"https:\/\/tcmsbasket.com\/"},{"@type":"ListItem","position":2,"name":"U20"}]},{"@type":"WebSite","@id":"https:\/\/tcmsbasket.com\/#website","url":"https:\/\/tcmsbasket.com\/","name":"tcmsbasket","description":"TC&#039;ensembles !","publisher":{"@id":"https:\/\/tcmsbasket.com\/#organization"},"potentialAction":[{"@type":"SearchAction","target":{"@type":"EntryPoint","urlTemplate":"https:\/\/tcmsbasket.com\/?s={search_term_string}"},"query-input":{"@type":"PropertyValueSpecification","valueRequired":true,"valueName":"search_term_string"}}],"inLanguage":"fr-FR"},{"@type":"Organization","@id":"https:\/\/tcmsbasket.com\/#organization","name":"TCMSBASKET","url":"https:\/\/tcmsbasket.com\/","logo":{"@type":"ImageObject","inLanguage":"fr-FR","@id":"https:\/\/tcmsbasket.com\/#\/schema\/logo\/image\/","url":"http:\/\/tcmsbasket.com\/wp-content\/uploads\/2016\/08\/logo-TCMS.png","contentUrl":"http:\/\/tcmsbasket.com\/wp-content\/uploads\/2016\/08\/logo-TCMS.png","width":1307,"height":570,"caption":"TCMSBASKET"},"image":{"@id":"https:\/\/tcmsbasket.com\/#\/schema\/logo\/image\/"},"sameAs":["https:\/\/www.facebook.com\/tcmsbasket\/"]}]}},"_links":{"self":[{"href":"https:\/\/tcmsbasket.com\/index.php?rest_route=\/wp\/v2\/pages\/1572","targetHints":{"allow":["GET"]}}],"collection":[{"href":"https:\/\/tcmsbasket.com\/index.php?rest_route=\/wp\/v2\/pages"}],"about":[{"href":"https:\/\/tcmsbasket.com\/index.php?rest_route=\/wp\/v2\/types\/page"}],"author":[{"embeddable":true,"href":"https:\/\/tcmsbasket.com\/index.php?rest_route=\/wp\/v2\/users\/1"}],"replies":[{"embeddable":true,"href":"https:\/\/tcmsbasket.com\/index.php?rest_route=%2Fwp%2Fv2%2Fcomments&post=1572"}],"version-history":[{"count":6,"href":"https:\/\/tcmsbasket.com\/index.php?rest_route=\/wp\/v2\/pages\/1572\/revisions"}],"predecessor-version":[{"id":2885,"href":"https:\/\/tcmsbasket.com\/index.php?rest_route=\/wp\/v2\/pages\/1572\/revisions\/2885"}],"wp:attachment":[{"href":"https:\/\/tcmsbasket.com\/index.php?rest_route=%2Fwp%2Fv2%2Fmedia&parent=1572"}],"curies":[{"name":"wp","href":"https:\/\/api.w.org\/{rel}","templated":true}]}}